{"id":9335,"date":"2020-10-21T10:49:46","date_gmt":"2020-10-21T08:49:46","guid":{"rendered":"https:\/\/momiasdequinto.es\/?post_type=product&#038;p=9335"},"modified":"2026-02-16T11:53:11","modified_gmt":"2026-02-16T10:53:11","slug":"compra","status":"publish","type":"product","link":"https:\/\/momiasdequinto.es\/en\/entradas\/compra\/","title":{"rendered":"Compra de entradas"},"content":{"rendered":"<p><span class=\"fontstyle0\">El horario de las visitas guiadas, con una duraci\u00f3n de hora y media, es el siguiente<\/span><span class=\"fontstyle2\">:<\/span><\/p>\n<ul>\n<li>Lunes a jueves: previa reserva grupal.<\/li>\n<li>Viernes, s\u00e1bados y festivos: <span class=\"fontstyle0\">ma\u00f1anas a las 10h y 11.30h. Tardes de octubre a abril: a las 16h y 17.30h. Tardes de mayo a septiembre: a las 18h y 19.30h.<\/span><\/li>\n<li><span class=\"fontstyle0\">Domingos: a las 10h y 11.30h. (salvo domingos de puente indicados en calendario que tambi\u00e9n se abra en horario de tardes).<\/span><\/li>\n<\/ul>\n","protected":false},"excerpt":{"rendered":"<p class=\"descripcioncortaproducto\">Realiza una visita guiada al Museo de las Momias, de una hora de duraci\u00f3n, donde podr\u00e1s conocer su historia y, c\u00f3mo no, todos los secretos que oculta. El precio de las entradas es de 7 \u20ac para el p\u00fablico en general y 5 \u20ac para entradas reducidas (destinadas a personas mayores de 65 a\u00f1os, menores de 14 a\u00f1os, j\u00f3venes con Carn\u00e9 Joven, discapacitados 33% o m\u00e1s o familias numerosas,\u00a0 que as\u00ed lo acrediten). Entrada gratuita para menores de 5 a\u00f1os.<\/p>\n","protected":false},"featured_media":2243,"template":"","meta":{"_acf_changed":false,"_price":"7","_stock":"","_tribe_ticket_header":"","_tribe_default_ticket_provider":"","_tribe_ticket_capacity":"","_ticket_start_date":"","_ticket_end_date":"","_tribe_ticket_show_description":"","_tribe_ticket_show_not_going":false,"_tribe_ticket_use_global_stock":"","_tribe_ticket_global_stock_level":"","_global_stock_mode":"","_global_stock_cap":"","_tribe_rsvp_for_event":"","_tribe_ticket_going_count":"","_tribe_ticket_not_going_count":"","_tribe_tickets_list":"[]","_tribe_ticket_has_attendee_info_fields":false},"product_brand":[],"product_cat":[103],"product_tag":[],"class_list":{"0":"post-9335","1":"product","2":"type-product","3":"status-publish","4":"has-post-thumbnail","6":"product_cat-entradas","8":"first","9":"instock","10":"virtual","11":"sold-individually","12":"taxable","13":"purchasable","14":"product-type-booking"},"acf":[],"yoast_head":"<!-- This site is optimized with the Yoast SEO plugin v24.5 - https:\/\/yoast.com\/wordpress\/plugins\/seo\/ -->\n<title>Compra de entradas - Momias de Quinto<\/title>\n<meta name=\"robots\" content=\"index, follow, max-snippet:-1, max-image-preview:large, max-video-preview:-1\" \/>\n<link rel=\"canonical\" href=\"https:\/\/momiasdequinto.es\/entradas\/compra\/\" \/>\n<meta property=\"og:locale\" content=\"en_US\" \/>\n<meta property=\"og:type\" content=\"article\" \/>\n<meta property=\"og:title\" content=\"Compra de entradas - Momias de Quinto\" \/>\n<meta property=\"og:description\" content=\"Realiza una visita guiada al Museo de las Momias, de una hora de duraci\u00f3n, donde podr\u00e1s conocer su historia y, c\u00f3mo no, todos los secretos que oculta. El precio de las entradas es de 7 \u20ac para el p\u00fablico en general y 5 \u20ac para entradas reducidas (destinadas a personas mayores de 65 a\u00f1os, menores de 14 a\u00f1os, j\u00f3venes con Carn\u00e9 Joven, discapacitados 33% o m\u00e1s o familias numerosas,\u00a0 que as\u00ed lo acrediten). Entrada gratuita para menores de 5 a\u00f1os.\" \/>\n<meta property=\"og:url\" content=\"https:\/\/momiasdequinto.es\/entradas\/compra\/\" \/>\n<meta property=\"og:site_name\" content=\"Momias de Quinto\" \/>\n<meta property=\"article:publisher\" content=\"https:\/\/www.facebook.com\/museomomiasquinto\/\" \/>\n<meta property=\"article:modified_time\" content=\"2026-02-16T10:53:11+00:00\" \/>\n<meta property=\"og:image\" content=\"https:\/\/momiasdequinto.es\/wp-content\/uploads\/2018\/02\/ticket.jpg\" \/>\n\t<meta property=\"og:image:width\" content=\"450\" \/>\n\t<meta property=\"og:image:height\" content=\"450\" \/>\n\t<meta property=\"og:image:type\" content=\"image\/jpeg\" \/>\n<meta name=\"twitter:card\" content=\"summary_large_image\" \/>\n<meta name=\"twitter:site\" content=\"@momiasdequinto\" \/>\n<meta name=\"twitter:label1\" content=\"Est. reading time\" \/>\n\t<meta name=\"twitter:data1\" content=\"1 minute\" \/>\n<script type=\"application\/ld+json\" class=\"yoast-schema-graph\">{\"@context\":\"https:\/\/schema.org\",\"@graph\":[{\"@type\":\"WebPage\",\"@id\":\"https:\/\/momiasdequinto.es\/entradas\/compra\/\",\"url\":\"https:\/\/momiasdequinto.es\/entradas\/compra\/\",\"name\":\"Compra de entradas - Momias de Quinto\",\"isPartOf\":{\"@id\":\"https:\/\/momiasdequinto.es\/#website\"},\"primaryImageOfPage\":{\"@id\":\"https:\/\/momiasdequinto.es\/entradas\/compra\/#primaryimage\"},\"image\":{\"@id\":\"https:\/\/momiasdequinto.es\/entradas\/compra\/#primaryimage\"},\"thumbnailUrl\":\"https:\/\/momiasdequinto.es\/wp-content\/uploads\/2018\/02\/ticket.jpg\",\"datePublished\":\"2020-10-21T08:49:46+00:00\",\"dateModified\":\"2026-02-16T10:53:11+00:00\",\"breadcrumb\":{\"@id\":\"https:\/\/momiasdequinto.es\/entradas\/compra\/#breadcrumb\"},\"inLanguage\":\"en-US\",\"potentialAction\":[{\"@type\":\"ReadAction\",\"target\":[\"https:\/\/momiasdequinto.es\/entradas\/compra\/\"]}]},{\"@type\":\"ImageObject\",\"inLanguage\":\"en-US\",\"@id\":\"https:\/\/momiasdequinto.es\/entradas\/compra\/#primaryimage\",\"url\":\"https:\/\/momiasdequinto.es\/wp-content\/uploads\/2018\/02\/ticket.jpg\",\"contentUrl\":\"https:\/\/momiasdequinto.es\/wp-content\/uploads\/2018\/02\/ticket.jpg\",\"width\":450,\"height\":450},{\"@type\":\"BreadcrumbList\",\"@id\":\"https:\/\/momiasdequinto.es\/entradas\/compra\/#breadcrumb\",\"itemListElement\":[{\"@type\":\"ListItem\",\"position\":1,\"name\":\"Portada\",\"item\":\"https:\/\/momiasdequinto.es\/\"},{\"@type\":\"ListItem\",\"position\":2,\"name\":\"BOOKING\",\"item\":\"https:\/\/momiasdequinto.es\/reservar\/\"},{\"@type\":\"ListItem\",\"position\":3,\"name\":\"Compra de entradas\"}]},{\"@type\":\"WebSite\",\"@id\":\"https:\/\/momiasdequinto.es\/#website\",\"url\":\"https:\/\/momiasdequinto.es\/\",\"name\":\"Momias de Quinto\",\"description\":\"Un museo \u00fanico en Espa\u00f1a\",\"publisher\":{\"@id\":\"https:\/\/momiasdequinto.es\/#organization\"},\"potentialAction\":[{\"@type\":\"SearchAction\",\"target\":{\"@type\":\"EntryPoint\",\"urlTemplate\":\"https:\/\/momiasdequinto.es\/?s={search_term_string}\"},\"query-input\":{\"@type\":\"PropertyValueSpecification\",\"valueRequired\":true,\"valueName\":\"search_term_string\"}}],\"inLanguage\":\"en-US\"},{\"@type\":\"Organization\",\"@id\":\"https:\/\/momiasdequinto.es\/#organization\",\"name\":\"Museo de Momias de Quinto\",\"url\":\"https:\/\/momiasdequinto.es\/\",\"logo\":{\"@type\":\"ImageObject\",\"inLanguage\":\"en-US\",\"@id\":\"https:\/\/momiasdequinto.es\/#\/schema\/logo\/image\/\",\"url\":\"https:\/\/momiasdequinto.es\/wp-content\/uploads\/2018\/03\/piquete.png\",\"contentUrl\":\"https:\/\/momiasdequinto.es\/wp-content\/uploads\/2018\/03\/piquete.png\",\"width\":95,\"height\":87,\"caption\":\"Museo de Momias de Quinto\"},\"image\":{\"@id\":\"https:\/\/momiasdequinto.es\/#\/schema\/logo\/image\/\"},\"sameAs\":[\"https:\/\/www.facebook.com\/museomomiasquinto\/\",\"https:\/\/x.com\/momiasdequinto\",\"https:\/\/www.instagram.com\/momiasdequinto\/\"]}]}<\/script>\n<!-- \/ Yoast SEO plugin. -->","yoast_head_json":{"title":"Compra de entradas - Momias de Quinto","robots":{"index":"index","follow":"follow","max-snippet":"max-snippet:-1","max-image-preview":"max-image-preview:large","max-video-preview":"max-video-preview:-1"},"canonical":"https:\/\/momiasdequinto.es\/entradas\/compra\/","og_locale":"en_US","og_type":"article","og_title":"Compra de entradas - Momias de Quinto","og_description":"Realiza una visita guiada al Museo de las Momias, de una hora de duraci\u00f3n, donde podr\u00e1s conocer su historia y, c\u00f3mo no, todos los secretos que oculta. El precio de las entradas es de 7 \u20ac para el p\u00fablico en general y 5 \u20ac para entradas reducidas (destinadas a personas mayores de 65 a\u00f1os, menores de 14 a\u00f1os, j\u00f3venes con Carn\u00e9 Joven, discapacitados 33% o m\u00e1s o familias numerosas,\u00a0 que as\u00ed lo acrediten). Entrada gratuita para menores de 5 a\u00f1os.","og_url":"https:\/\/momiasdequinto.es\/entradas\/compra\/","og_site_name":"Momias de Quinto","article_publisher":"https:\/\/www.facebook.com\/museomomiasquinto\/","article_modified_time":"2026-02-16T10:53:11+00:00","og_image":[{"width":450,"height":450,"url":"https:\/\/momiasdequinto.es\/wp-content\/uploads\/2018\/02\/ticket.jpg","type":"image\/jpeg"}],"twitter_card":"summary_large_image","twitter_site":"@momiasdequinto","twitter_misc":{"Est. reading time":"1 minute"},"schema":{"@context":"https:\/\/schema.org","@graph":[{"@type":"WebPage","@id":"https:\/\/momiasdequinto.es\/entradas\/compra\/","url":"https:\/\/momiasdequinto.es\/entradas\/compra\/","name":"Compra de entradas - Momias de Quinto","isPartOf":{"@id":"https:\/\/momiasdequinto.es\/#website"},"primaryImageOfPage":{"@id":"https:\/\/momiasdequinto.es\/entradas\/compra\/#primaryimage"},"image":{"@id":"https:\/\/momiasdequinto.es\/entradas\/compra\/#primaryimage"},"thumbnailUrl":"https:\/\/momiasdequinto.es\/wp-content\/uploads\/2018\/02\/ticket.jpg","datePublished":"2020-10-21T08:49:46+00:00","dateModified":"2026-02-16T10:53:11+00:00","breadcrumb":{"@id":"https:\/\/momiasdequinto.es\/entradas\/compra\/#breadcrumb"},"inLanguage":"en-US","potentialAction":[{"@type":"ReadAction","target":["https:\/\/momiasdequinto.es\/entradas\/compra\/"]}]},{"@type":"ImageObject","inLanguage":"en-US","@id":"https:\/\/momiasdequinto.es\/entradas\/compra\/#primaryimage","url":"https:\/\/momiasdequinto.es\/wp-content\/uploads\/2018\/02\/ticket.jpg","contentUrl":"https:\/\/momiasdequinto.es\/wp-content\/uploads\/2018\/02\/ticket.jpg","width":450,"height":450},{"@type":"BreadcrumbList","@id":"https:\/\/momiasdequinto.es\/entradas\/compra\/#breadcrumb","itemListElement":[{"@type":"ListItem","position":1,"name":"Portada","item":"https:\/\/momiasdequinto.es\/"},{"@type":"ListItem","position":2,"name":"BOOKING","item":"https:\/\/momiasdequinto.es\/reservar\/"},{"@type":"ListItem","position":3,"name":"Compra de entradas"}]},{"@type":"WebSite","@id":"https:\/\/momiasdequinto.es\/#website","url":"https:\/\/momiasdequinto.es\/","name":"Momias de Quinto","description":"Un museo \u00fanico en Espa\u00f1a","publisher":{"@id":"https:\/\/momiasdequinto.es\/#organization"},"potentialAction":[{"@type":"SearchAction","target":{"@type":"EntryPoint","urlTemplate":"https:\/\/momiasdequinto.es\/?s={search_term_string}"},"query-input":{"@type":"PropertyValueSpecification","valueRequired":true,"valueName":"search_term_string"}}],"inLanguage":"en-US"},{"@type":"Organization","@id":"https:\/\/momiasdequinto.es\/#organization","name":"Museo de Momias de Quinto","url":"https:\/\/momiasdequinto.es\/","logo":{"@type":"ImageObject","inLanguage":"en-US","@id":"https:\/\/momiasdequinto.es\/#\/schema\/logo\/image\/","url":"https:\/\/momiasdequinto.es\/wp-content\/uploads\/2018\/03\/piquete.png","contentUrl":"https:\/\/momiasdequinto.es\/wp-content\/uploads\/2018\/03\/piquete.png","width":95,"height":87,"caption":"Museo de Momias de Quinto"},"image":{"@id":"https:\/\/momiasdequinto.es\/#\/schema\/logo\/image\/"},"sameAs":["https:\/\/www.facebook.com\/museomomiasquinto\/","https:\/\/x.com\/momiasdequinto","https:\/\/www.instagram.com\/momiasdequinto\/"]}]}},"_links":{"self":[{"href":"https:\/\/momiasdequinto.es\/en\/wp-json\/wp\/v2\/product\/9335","targetHints":{"allow":["GET"]}}],"collection":[{"href":"https:\/\/momiasdequinto.es\/en\/wp-json\/wp\/v2\/product"}],"about":[{"href":"https:\/\/momiasdequinto.es\/en\/wp-json\/wp\/v2\/types\/product"}],"wp:featuredmedia":[{"embeddable":true,"href":"https:\/\/momiasdequinto.es\/en\/wp-json\/wp\/v2\/media\/2243"}],"wp:attachment":[{"href":"https:\/\/momiasdequinto.es\/en\/wp-json\/wp\/v2\/media?parent=9335"}],"wp:term":[{"taxonomy":"product_brand","embeddable":true,"href":"https:\/\/momiasdequinto.es\/en\/wp-json\/wp\/v2\/product_brand?post=9335"},{"taxonomy":"product_cat","embeddable":true,"href":"https:\/\/momiasdequinto.es\/en\/wp-json\/wp\/v2\/product_cat?post=9335"},{"taxonomy":"product_tag","embeddable":true,"href":"https:\/\/momiasdequinto.es\/en\/wp-json\/wp\/v2\/product_tag?post=9335"}],"curies":[{"name":"wp","href":"https:\/\/api.w.org\/{rel}","templated":true}]}}