{"id":28835,"date":"2026-04-21T14:05:56","date_gmt":"2026-04-21T12:05:56","guid":{"rendered":"https:\/\/momiasdequinto.es\/?post_type=product&#038;p=28835"},"modified":"2026-04-22T17:43:11","modified_gmt":"2026-04-22T15:43:11","slug":"entradas-para-el-ciclo-eclipse-8o-aniversario-del-museo","status":"publish","type":"product","link":"https:\/\/momiasdequinto.es\/en\/entradas\/entradas-para-el-ciclo-eclipse-8o-aniversario-del-museo\/","title":{"rendered":"Entradas para el ciclo eclipse &#8211; 8\u00ba aniversario del museo"},"content":{"rendered":"","protected":false},"excerpt":{"rendered":"<p>Con motivo de la celebraci\u00f3n del 8\u00ba aniversario de la apertura del museo y el eclipse total de sol, acontecimiento astron\u00f3mico hist\u00f3rico del a\u00f1o, hemos creado una programaci\u00f3n de actividades especiales.<br \/>\nAdquiere aqu\u00ed tu entrada para realizar una visita guiada de la mano de nuestras gu\u00edas, disfrutar de un picoteo veraniaego en el museo y asistir a una conferencia sobre el eclipse y el Sol.<\/p>\n","protected":false},"featured_media":28839,"template":"","meta":{"_acf_changed":false,"_price":"10","_stock":"","_tribe_ticket_header":"","_tribe_default_ticket_provider":"","_tribe_ticket_capacity":"","_ticket_start_date":"","_ticket_end_date":"","_tribe_ticket_show_description":"","_tribe_ticket_show_not_going":false,"_tribe_ticket_use_global_stock":"","_tribe_ticket_global_stock_level":"","_global_stock_mode":"","_global_stock_cap":"","_tribe_rsvp_for_event":"","_tribe_ticket_going_count":"","_tribe_ticket_not_going_count":"","_tribe_tickets_list":"[]","_tribe_ticket_has_attendee_info_fields":false},"product_brand":[],"product_cat":[103],"product_tag":[],"class_list":{"0":"post-28835","1":"product","2":"type-product","3":"status-publish","4":"has-post-thumbnail","6":"product_cat-entradas","8":"first","9":"instock","10":"taxable","11":"shipping-taxable","12":"purchasable","13":"product-type-variable"},"acf":[],"yoast_head":"<!-- This site is optimized with the Yoast SEO plugin v24.5 - https:\/\/yoast.com\/wordpress\/plugins\/seo\/ -->\n<title>Entradas para el ciclo eclipse - 8\u00ba aniversario del museo - Momias de Quinto<\/title>\n<meta name=\"robots\" content=\"index, follow, max-snippet:-1, max-image-preview:large, max-video-preview:-1\" \/>\n<link rel=\"canonical\" href=\"https:\/\/momiasdequinto.es\/entradas\/entradas-para-el-ciclo-eclipse-8o-aniversario-del-museo\/\" \/>\n<meta property=\"og:locale\" content=\"en_US\" \/>\n<meta property=\"og:type\" content=\"article\" \/>\n<meta property=\"og:title\" content=\"Entradas para el ciclo eclipse - 8\u00ba aniversario del museo - Momias de Quinto\" \/>\n<meta property=\"og:description\" content=\"[:es]Con motivo de la celebraci\u00f3n del 8\u00ba aniversario de la apertura del museo y el eclipse total de sol, acontecimiento astron\u00f3mico hist\u00f3rico del a\u00f1o, hemos creado una programaci\u00f3n de actividades especiales. Adquiere aqu\u00ed tu entrada para realizar una visita guiada de la mano de nuestras gu\u00edas, disfrutar de un picoteo veraniaego en el museo y asistir a una conferencia sobre el eclipse y el Sol.   [:en]Con motivo de la celebraci\u00f3n del 8\u00ba aniversario de la apertura del museo y el eclipse total de sol, acontecimiento astron\u00f3mico hist\u00f3rico del a\u00f1o, hemos creado una programaci\u00f3n de actividades especiales. Adquiere aqu\u00ed tu entrada para realizar una visita guiada de la mano de nuestras gu\u00edas, disfrutar de un picoteo veraniaego en el museo y asistir a una conferencia sobre el eclipse y el Sol.[:]\" \/>\n<meta property=\"og:url\" content=\"https:\/\/momiasdequinto.es\/entradas\/entradas-para-el-ciclo-eclipse-8o-aniversario-del-museo\/\" \/>\n<meta property=\"og:site_name\" content=\"Momias de Quinto\" \/>\n<meta property=\"article:publisher\" content=\"https:\/\/www.facebook.com\/museomomiasquinto\/\" \/>\n<meta property=\"article:modified_time\" content=\"2026-04-22T15:43:11+00:00\" \/>\n<meta property=\"og:image\" content=\"https:\/\/momiasdequinto.es\/wp-content\/uploads\/2026\/04\/Cartel-genrico-Quinto.jpg\" \/>\n\t<meta property=\"og:image:width\" content=\"1169\" \/>\n\t<meta property=\"og:image:height\" content=\"1653\" \/>\n\t<meta property=\"og:image:type\" content=\"image\/jpeg\" \/>\n<meta name=\"twitter:card\" content=\"summary_large_image\" \/>\n<meta name=\"twitter:site\" content=\"@momiasdequinto\" \/>\n<meta name=\"twitter:label1\" content=\"Est. reading time\" \/>\n\t<meta name=\"twitter:data1\" content=\"1 minute\" \/>\n<script type=\"application\/ld+json\" class=\"yoast-schema-graph\">{\"@context\":\"https:\/\/schema.org\",\"@graph\":[{\"@type\":\"WebPage\",\"@id\":\"https:\/\/momiasdequinto.es\/entradas\/entradas-para-el-ciclo-eclipse-8o-aniversario-del-museo\/\",\"url\":\"https:\/\/momiasdequinto.es\/entradas\/entradas-para-el-ciclo-eclipse-8o-aniversario-del-museo\/\",\"name\":\"Entradas para el ciclo eclipse - 8\u00ba aniversario del museo - Momias de Quinto\",\"isPartOf\":{\"@id\":\"https:\/\/momiasdequinto.es\/#website\"},\"primaryImageOfPage\":{\"@id\":\"https:\/\/momiasdequinto.es\/entradas\/entradas-para-el-ciclo-eclipse-8o-aniversario-del-museo\/#primaryimage\"},\"image\":{\"@id\":\"https:\/\/momiasdequinto.es\/entradas\/entradas-para-el-ciclo-eclipse-8o-aniversario-del-museo\/#primaryimage\"},\"thumbnailUrl\":\"https:\/\/momiasdequinto.es\/wp-content\/uploads\/2026\/04\/Cartel-genrico-Quinto.jpg\",\"datePublished\":\"2026-04-21T12:05:56+00:00\",\"dateModified\":\"2026-04-22T15:43:11+00:00\",\"breadcrumb\":{\"@id\":\"https:\/\/momiasdequinto.es\/entradas\/entradas-para-el-ciclo-eclipse-8o-aniversario-del-museo\/#breadcrumb\"},\"inLanguage\":\"en-US\",\"potentialAction\":[{\"@type\":\"ReadAction\",\"target\":[\"https:\/\/momiasdequinto.es\/entradas\/entradas-para-el-ciclo-eclipse-8o-aniversario-del-museo\/\"]}]},{\"@type\":\"ImageObject\",\"inLanguage\":\"en-US\",\"@id\":\"https:\/\/momiasdequinto.es\/entradas\/entradas-para-el-ciclo-eclipse-8o-aniversario-del-museo\/#primaryimage\",\"url\":\"https:\/\/momiasdequinto.es\/wp-content\/uploads\/2026\/04\/Cartel-genrico-Quinto.jpg\",\"contentUrl\":\"https:\/\/momiasdequinto.es\/wp-content\/uploads\/2026\/04\/Cartel-genrico-Quinto.jpg\",\"width\":1169,\"height\":1653},{\"@type\":\"BreadcrumbList\",\"@id\":\"https:\/\/momiasdequinto.es\/entradas\/entradas-para-el-ciclo-eclipse-8o-aniversario-del-museo\/#breadcrumb\",\"itemListElement\":[{\"@type\":\"ListItem\",\"position\":1,\"name\":\"Portada\",\"item\":\"https:\/\/momiasdequinto.es\/\"},{\"@type\":\"ListItem\",\"position\":2,\"name\":\"BOOKING\",\"item\":\"https:\/\/momiasdequinto.es\/reservar\/\"},{\"@type\":\"ListItem\",\"position\":3,\"name\":\"Entradas para el ciclo eclipse &#8211; 8\u00ba aniversario del museo\"}]},{\"@type\":\"WebSite\",\"@id\":\"https:\/\/momiasdequinto.es\/#website\",\"url\":\"https:\/\/momiasdequinto.es\/\",\"name\":\"Momias de Quinto\",\"description\":\"Un museo \u00fanico en Espa\u00f1a\",\"publisher\":{\"@id\":\"https:\/\/momiasdequinto.es\/#organization\"},\"potentialAction\":[{\"@type\":\"SearchAction\",\"target\":{\"@type\":\"EntryPoint\",\"urlTemplate\":\"https:\/\/momiasdequinto.es\/?s={search_term_string}\"},\"query-input\":{\"@type\":\"PropertyValueSpecification\",\"valueRequired\":true,\"valueName\":\"search_term_string\"}}],\"inLanguage\":\"en-US\"},{\"@type\":\"Organization\",\"@id\":\"https:\/\/momiasdequinto.es\/#organization\",\"name\":\"Museo de Momias de Quinto\",\"url\":\"https:\/\/momiasdequinto.es\/\",\"logo\":{\"@type\":\"ImageObject\",\"inLanguage\":\"en-US\",\"@id\":\"https:\/\/momiasdequinto.es\/#\/schema\/logo\/image\/\",\"url\":\"https:\/\/momiasdequinto.es\/wp-content\/uploads\/2018\/03\/piquete.png\",\"contentUrl\":\"https:\/\/momiasdequinto.es\/wp-content\/uploads\/2018\/03\/piquete.png\",\"width\":95,\"height\":87,\"caption\":\"Museo de Momias de Quinto\"},\"image\":{\"@id\":\"https:\/\/momiasdequinto.es\/#\/schema\/logo\/image\/\"},\"sameAs\":[\"https:\/\/www.facebook.com\/museomomiasquinto\/\",\"https:\/\/x.com\/momiasdequinto\",\"https:\/\/www.instagram.com\/momiasdequinto\/\"]}]}<\/script>\n<!-- \/ Yoast SEO plugin. -->","yoast_head_json":{"title":"Entradas para el ciclo eclipse - 8\u00ba aniversario del museo - Momias de Quinto","robots":{"index":"index","follow":"follow","max-snippet":"max-snippet:-1","max-image-preview":"max-image-preview:large","max-video-preview":"max-video-preview:-1"},"canonical":"https:\/\/momiasdequinto.es\/entradas\/entradas-para-el-ciclo-eclipse-8o-aniversario-del-museo\/","og_locale":"en_US","og_type":"article","og_title":"Entradas para el ciclo eclipse - 8\u00ba aniversario del museo - Momias de Quinto","og_description":"[:es]Con motivo de la celebraci\u00f3n del 8\u00ba aniversario de la apertura del museo y el eclipse total de sol, acontecimiento astron\u00f3mico hist\u00f3rico del a\u00f1o, hemos creado una programaci\u00f3n de actividades especiales. Adquiere aqu\u00ed tu entrada para realizar una visita guiada de la mano de nuestras gu\u00edas, disfrutar de un picoteo veraniaego en el museo y asistir a una conferencia sobre el eclipse y el Sol.   [:en]Con motivo de la celebraci\u00f3n del 8\u00ba aniversario de la apertura del museo y el eclipse total de sol, acontecimiento astron\u00f3mico hist\u00f3rico del a\u00f1o, hemos creado una programaci\u00f3n de actividades especiales. Adquiere aqu\u00ed tu entrada para realizar una visita guiada de la mano de nuestras gu\u00edas, disfrutar de un picoteo veraniaego en el museo y asistir a una conferencia sobre el eclipse y el Sol.[:]","og_url":"https:\/\/momiasdequinto.es\/entradas\/entradas-para-el-ciclo-eclipse-8o-aniversario-del-museo\/","og_site_name":"Momias de Quinto","article_publisher":"https:\/\/www.facebook.com\/museomomiasquinto\/","article_modified_time":"2026-04-22T15:43:11+00:00","og_image":[{"width":1169,"height":1653,"url":"https:\/\/momiasdequinto.es\/wp-content\/uploads\/2026\/04\/Cartel-genrico-Quinto.jpg","type":"image\/jpeg"}],"twitter_card":"summary_large_image","twitter_site":"@momiasdequinto","twitter_misc":{"Est. reading time":"1 minute"},"schema":{"@context":"https:\/\/schema.org","@graph":[{"@type":"WebPage","@id":"https:\/\/momiasdequinto.es\/entradas\/entradas-para-el-ciclo-eclipse-8o-aniversario-del-museo\/","url":"https:\/\/momiasdequinto.es\/entradas\/entradas-para-el-ciclo-eclipse-8o-aniversario-del-museo\/","name":"Entradas para el ciclo eclipse - 8\u00ba aniversario del museo - Momias de Quinto","isPartOf":{"@id":"https:\/\/momiasdequinto.es\/#website"},"primaryImageOfPage":{"@id":"https:\/\/momiasdequinto.es\/entradas\/entradas-para-el-ciclo-eclipse-8o-aniversario-del-museo\/#primaryimage"},"image":{"@id":"https:\/\/momiasdequinto.es\/entradas\/entradas-para-el-ciclo-eclipse-8o-aniversario-del-museo\/#primaryimage"},"thumbnailUrl":"https:\/\/momiasdequinto.es\/wp-content\/uploads\/2026\/04\/Cartel-genrico-Quinto.jpg","datePublished":"2026-04-21T12:05:56+00:00","dateModified":"2026-04-22T15:43:11+00:00","breadcrumb":{"@id":"https:\/\/momiasdequinto.es\/entradas\/entradas-para-el-ciclo-eclipse-8o-aniversario-del-museo\/#breadcrumb"},"inLanguage":"en-US","potentialAction":[{"@type":"ReadAction","target":["https:\/\/momiasdequinto.es\/entradas\/entradas-para-el-ciclo-eclipse-8o-aniversario-del-museo\/"]}]},{"@type":"ImageObject","inLanguage":"en-US","@id":"https:\/\/momiasdequinto.es\/entradas\/entradas-para-el-ciclo-eclipse-8o-aniversario-del-museo\/#primaryimage","url":"https:\/\/momiasdequinto.es\/wp-content\/uploads\/2026\/04\/Cartel-genrico-Quinto.jpg","contentUrl":"https:\/\/momiasdequinto.es\/wp-content\/uploads\/2026\/04\/Cartel-genrico-Quinto.jpg","width":1169,"height":1653},{"@type":"BreadcrumbList","@id":"https:\/\/momiasdequinto.es\/entradas\/entradas-para-el-ciclo-eclipse-8o-aniversario-del-museo\/#breadcrumb","itemListElement":[{"@type":"ListItem","position":1,"name":"Portada","item":"https:\/\/momiasdequinto.es\/"},{"@type":"ListItem","position":2,"name":"BOOKING","item":"https:\/\/momiasdequinto.es\/reservar\/"},{"@type":"ListItem","position":3,"name":"Entradas para el ciclo eclipse &#8211; 8\u00ba aniversario del museo"}]},{"@type":"WebSite","@id":"https:\/\/momiasdequinto.es\/#website","url":"https:\/\/momiasdequinto.es\/","name":"Momias de Quinto","description":"Un museo \u00fanico en Espa\u00f1a","publisher":{"@id":"https:\/\/momiasdequinto.es\/#organization"},"potentialAction":[{"@type":"SearchAction","target":{"@type":"EntryPoint","urlTemplate":"https:\/\/momiasdequinto.es\/?s={search_term_string}"},"query-input":{"@type":"PropertyValueSpecification","valueRequired":true,"valueName":"search_term_string"}}],"inLanguage":"en-US"},{"@type":"Organization","@id":"https:\/\/momiasdequinto.es\/#organization","name":"Museo de Momias de Quinto","url":"https:\/\/momiasdequinto.es\/","logo":{"@type":"ImageObject","inLanguage":"en-US","@id":"https:\/\/momiasdequinto.es\/#\/schema\/logo\/image\/","url":"https:\/\/momiasdequinto.es\/wp-content\/uploads\/2018\/03\/piquete.png","contentUrl":"https:\/\/momiasdequinto.es\/wp-content\/uploads\/2018\/03\/piquete.png","width":95,"height":87,"caption":"Museo de Momias de Quinto"},"image":{"@id":"https:\/\/momiasdequinto.es\/#\/schema\/logo\/image\/"},"sameAs":["https:\/\/www.facebook.com\/museomomiasquinto\/","https:\/\/x.com\/momiasdequinto","https:\/\/www.instagram.com\/momiasdequinto\/"]}]}},"_links":{"self":[{"href":"https:\/\/momiasdequinto.es\/en\/wp-json\/wp\/v2\/product\/28835","targetHints":{"allow":["GET"]}}],"collection":[{"href":"https:\/\/momiasdequinto.es\/en\/wp-json\/wp\/v2\/product"}],"about":[{"href":"https:\/\/momiasdequinto.es\/en\/wp-json\/wp\/v2\/types\/product"}],"wp:featuredmedia":[{"embeddable":true,"href":"https:\/\/momiasdequinto.es\/en\/wp-json\/wp\/v2\/media\/28839"}],"wp:attachment":[{"href":"https:\/\/momiasdequinto.es\/en\/wp-json\/wp\/v2\/media?parent=28835"}],"wp:term":[{"taxonomy":"product_brand","embeddable":true,"href":"https:\/\/momiasdequinto.es\/en\/wp-json\/wp\/v2\/product_brand?post=28835"},{"taxonomy":"product_cat","embeddable":true,"href":"https:\/\/momiasdequinto.es\/en\/wp-json\/wp\/v2\/product_cat?post=28835"},{"taxonomy":"product_tag","embeddable":true,"href":"https:\/\/momiasdequinto.es\/en\/wp-json\/wp\/v2\/product_tag?post=28835"}],"curies":[{"name":"wp","href":"https:\/\/api.w.org\/{rel}","templated":true}]}}