{"id":27738,"date":"2025-12-09T10:28:41","date_gmt":"2025-12-09T09:28:41","guid":{"rendered":"https:\/\/momiasdequinto.es\/?post_type=product&#038;p=27738"},"modified":"2026-02-01T00:04:14","modified_gmt":"2026-01-31T23:04:14","slug":"los-misterios-de-la-eternidad-2","status":"publish","type":"product","link":"https:\/\/momiasdequinto.es\/en\/entradas\/los-misterios-de-la-eternidad-2\/","title":{"rendered":"Los misterios de la eternidad"},"content":{"rendered":"","protected":false},"excerpt":{"rendered":"<p>Espect\u00e1culo teatral creado por el Museo de las Momias y Producciones La Ballena que usa la ficci\u00f3n para descubrir la historia de Quinto y de sus gentes. Una invitaci\u00f3n a recorrer la l\u00ednea temporal de la vida y conocer como la muerte nos acompa\u00f1a desde el nacimiento de la humanidad. Se desarrolla en la antigua iglesia conocida como \u201cel Piquete\u201d donde se ubica el \u00fanico museo de momias en Espa\u00f1a. Venta de entradas online en la web del museo <span style=\"color: #0000ff;\"><a style=\"color: #0000ff;\" href=\"http:\/\/www.momiasdequinto.es\">www.momiasdequinto.es<\/a><\/span> hasta una hora antes del inicio de la sesi\u00f3n. En taquilla una hora antes del inicio previa disponibilidad.<\/p>\n","protected":false},"featured_media":27772,"template":"","meta":{"_acf_changed":false,"_price":"10","_stock":"","_tribe_ticket_header":"","_tribe_default_ticket_provider":"","_tribe_ticket_capacity":"","_ticket_start_date":"","_ticket_end_date":"","_tribe_ticket_show_description":"","_tribe_ticket_show_not_going":false,"_tribe_ticket_use_global_stock":"","_tribe_ticket_global_stock_level":"","_global_stock_mode":"","_global_stock_cap":"","_tribe_rsvp_for_event":"","_tribe_ticket_going_count":"","_tribe_ticket_not_going_count":"","_tribe_tickets_list":"[]","_tribe_ticket_has_attendee_info_fields":false},"product_brand":[],"product_cat":[103],"product_tag":[],"class_list":{"0":"post-27738","1":"product","2":"type-product","3":"status-publish","4":"has-post-thumbnail","6":"product_cat-entradas","8":"first","9":"instock","10":"virtual","11":"sold-individually","12":"taxable","13":"purchasable","14":"product-type-booking"},"acf":[],"yoast_head":"<!-- This site is optimized with the Yoast SEO plugin v24.5 - https:\/\/yoast.com\/wordpress\/plugins\/seo\/ -->\n<title>Los misterios de la eternidad - Momias de Quinto<\/title>\n<meta name=\"robots\" content=\"index, follow, max-snippet:-1, max-image-preview:large, max-video-preview:-1\" \/>\n<link rel=\"canonical\" href=\"https:\/\/momiasdequinto.es\/entradas\/los-misterios-de-la-eternidad-2\/\" \/>\n<meta property=\"og:locale\" content=\"en_US\" \/>\n<meta property=\"og:type\" content=\"article\" \/>\n<meta property=\"og:title\" content=\"Los misterios de la eternidad - Momias de Quinto\" \/>\n<meta property=\"og:description\" content=\"Espect\u00e1culo teatral creado por el Museo de las Momias y Producciones La Ballena que usa la ficci\u00f3n para descubrir la historia de Quinto y de sus gentes. Una invitaci\u00f3n a recorrer la l\u00ednea temporal de la vida y conocer como la muerte nos acompa\u00f1a desde el nacimiento de la humanidad. Se desarrolla en la antigua iglesia conocida como \u201cel Piquete\u201d donde se ubica el \u00fanico museo de momias en Espa\u00f1a. Venta de entradas online en la web del museo www.momiasdequinto.es hasta una hora antes del inicio de la sesi\u00f3n. En taquilla una hora antes del inicio previa disponibilidad.\" \/>\n<meta property=\"og:url\" content=\"https:\/\/momiasdequinto.es\/entradas\/los-misterios-de-la-eternidad-2\/\" \/>\n<meta property=\"og:site_name\" content=\"Momias de Quinto\" \/>\n<meta property=\"article:publisher\" content=\"https:\/\/www.facebook.com\/museomomiasquinto\/\" \/>\n<meta property=\"article:modified_time\" content=\"2026-01-31T23:04:14+00:00\" \/>\n<meta name=\"twitter:card\" content=\"summary_large_image\" \/>\n<meta name=\"twitter:site\" content=\"@momiasdequinto\" \/>\n<meta name=\"twitter:label1\" content=\"Est. reading time\" \/>\n\t<meta name=\"twitter:data1\" content=\"1 minute\" \/>\n<script type=\"application\/ld+json\" class=\"yoast-schema-graph\">{\"@context\":\"https:\/\/schema.org\",\"@graph\":[{\"@type\":\"WebPage\",\"@id\":\"https:\/\/momiasdequinto.es\/entradas\/los-misterios-de-la-eternidad-2\/\",\"url\":\"https:\/\/momiasdequinto.es\/entradas\/los-misterios-de-la-eternidad-2\/\",\"name\":\"Los misterios de la eternidad - Momias de Quinto\",\"isPartOf\":{\"@id\":\"https:\/\/momiasdequinto.es\/#website\"},\"primaryImageOfPage\":{\"@id\":\"https:\/\/momiasdequinto.es\/entradas\/los-misterios-de-la-eternidad-2\/#primaryimage\"},\"image\":{\"@id\":\"https:\/\/momiasdequinto.es\/entradas\/los-misterios-de-la-eternidad-2\/#primaryimage\"},\"thumbnailUrl\":\"https:\/\/momiasdequinto.es\/wp-content\/uploads\/2025\/12\/Cartel-Teatro-Quinto-2026_generico-pdf.jpg\",\"datePublished\":\"2025-12-09T09:28:41+00:00\",\"dateModified\":\"2026-01-31T23:04:14+00:00\",\"breadcrumb\":{\"@id\":\"https:\/\/momiasdequinto.es\/entradas\/los-misterios-de-la-eternidad-2\/#breadcrumb\"},\"inLanguage\":\"en-US\",\"potentialAction\":[{\"@type\":\"ReadAction\",\"target\":[\"https:\/\/momiasdequinto.es\/entradas\/los-misterios-de-la-eternidad-2\/\"]}]},{\"@type\":\"ImageObject\",\"inLanguage\":\"en-US\",\"@id\":\"https:\/\/momiasdequinto.es\/entradas\/los-misterios-de-la-eternidad-2\/#primaryimage\",\"url\":\"https:\/\/momiasdequinto.es\/wp-content\/uploads\/2025\/12\/Cartel-Teatro-Quinto-2026_generico-pdf.jpg\",\"contentUrl\":\"https:\/\/momiasdequinto.es\/wp-content\/uploads\/2025\/12\/Cartel-Teatro-Quinto-2026_generico-pdf.jpg\"},{\"@type\":\"BreadcrumbList\",\"@id\":\"https:\/\/momiasdequinto.es\/entradas\/los-misterios-de-la-eternidad-2\/#breadcrumb\",\"itemListElement\":[{\"@type\":\"ListItem\",\"position\":1,\"name\":\"Portada\",\"item\":\"https:\/\/momiasdequinto.es\/\"},{\"@type\":\"ListItem\",\"position\":2,\"name\":\"BOOKING\",\"item\":\"https:\/\/momiasdequinto.es\/reservar\/\"},{\"@type\":\"ListItem\",\"position\":3,\"name\":\"Los misterios de la eternidad\"}]},{\"@type\":\"WebSite\",\"@id\":\"https:\/\/momiasdequinto.es\/#website\",\"url\":\"https:\/\/momiasdequinto.es\/\",\"name\":\"Momias de Quinto\",\"description\":\"Un museo \u00fanico en Espa\u00f1a\",\"publisher\":{\"@id\":\"https:\/\/momiasdequinto.es\/#organization\"},\"potentialAction\":[{\"@type\":\"SearchAction\",\"target\":{\"@type\":\"EntryPoint\",\"urlTemplate\":\"https:\/\/momiasdequinto.es\/?s={search_term_string}\"},\"query-input\":{\"@type\":\"PropertyValueSpecification\",\"valueRequired\":true,\"valueName\":\"search_term_string\"}}],\"inLanguage\":\"en-US\"},{\"@type\":\"Organization\",\"@id\":\"https:\/\/momiasdequinto.es\/#organization\",\"name\":\"Museo de Momias de Quinto\",\"url\":\"https:\/\/momiasdequinto.es\/\",\"logo\":{\"@type\":\"ImageObject\",\"inLanguage\":\"en-US\",\"@id\":\"https:\/\/momiasdequinto.es\/#\/schema\/logo\/image\/\",\"url\":\"https:\/\/momiasdequinto.es\/wp-content\/uploads\/2018\/03\/piquete.png\",\"contentUrl\":\"https:\/\/momiasdequinto.es\/wp-content\/uploads\/2018\/03\/piquete.png\",\"width\":95,\"height\":87,\"caption\":\"Museo de Momias de Quinto\"},\"image\":{\"@id\":\"https:\/\/momiasdequinto.es\/#\/schema\/logo\/image\/\"},\"sameAs\":[\"https:\/\/www.facebook.com\/museomomiasquinto\/\",\"https:\/\/x.com\/momiasdequinto\",\"https:\/\/www.instagram.com\/momiasdequinto\/\"]}]}<\/script>\n<!-- \/ Yoast SEO plugin. -->","yoast_head_json":{"title":"Los misterios de la eternidad - Momias de Quinto","robots":{"index":"index","follow":"follow","max-snippet":"max-snippet:-1","max-image-preview":"max-image-preview:large","max-video-preview":"max-video-preview:-1"},"canonical":"https:\/\/momiasdequinto.es\/entradas\/los-misterios-de-la-eternidad-2\/","og_locale":"en_US","og_type":"article","og_title":"Los misterios de la eternidad - Momias de Quinto","og_description":"Espect\u00e1culo teatral creado por el Museo de las Momias y Producciones La Ballena que usa la ficci\u00f3n para descubrir la historia de Quinto y de sus gentes. Una invitaci\u00f3n a recorrer la l\u00ednea temporal de la vida y conocer como la muerte nos acompa\u00f1a desde el nacimiento de la humanidad. Se desarrolla en la antigua iglesia conocida como \u201cel Piquete\u201d donde se ubica el \u00fanico museo de momias en Espa\u00f1a. Venta de entradas online en la web del museo www.momiasdequinto.es hasta una hora antes del inicio de la sesi\u00f3n. En taquilla una hora antes del inicio previa disponibilidad.","og_url":"https:\/\/momiasdequinto.es\/entradas\/los-misterios-de-la-eternidad-2\/","og_site_name":"Momias de Quinto","article_publisher":"https:\/\/www.facebook.com\/museomomiasquinto\/","article_modified_time":"2026-01-31T23:04:14+00:00","twitter_card":"summary_large_image","twitter_site":"@momiasdequinto","twitter_misc":{"Est. reading time":"1 minute"},"schema":{"@context":"https:\/\/schema.org","@graph":[{"@type":"WebPage","@id":"https:\/\/momiasdequinto.es\/entradas\/los-misterios-de-la-eternidad-2\/","url":"https:\/\/momiasdequinto.es\/entradas\/los-misterios-de-la-eternidad-2\/","name":"Los misterios de la eternidad - Momias de Quinto","isPartOf":{"@id":"https:\/\/momiasdequinto.es\/#website"},"primaryImageOfPage":{"@id":"https:\/\/momiasdequinto.es\/entradas\/los-misterios-de-la-eternidad-2\/#primaryimage"},"image":{"@id":"https:\/\/momiasdequinto.es\/entradas\/los-misterios-de-la-eternidad-2\/#primaryimage"},"thumbnailUrl":"https:\/\/momiasdequinto.es\/wp-content\/uploads\/2025\/12\/Cartel-Teatro-Quinto-2026_generico-pdf.jpg","datePublished":"2025-12-09T09:28:41+00:00","dateModified":"2026-01-31T23:04:14+00:00","breadcrumb":{"@id":"https:\/\/momiasdequinto.es\/entradas\/los-misterios-de-la-eternidad-2\/#breadcrumb"},"inLanguage":"en-US","potentialAction":[{"@type":"ReadAction","target":["https:\/\/momiasdequinto.es\/entradas\/los-misterios-de-la-eternidad-2\/"]}]},{"@type":"ImageObject","inLanguage":"en-US","@id":"https:\/\/momiasdequinto.es\/entradas\/los-misterios-de-la-eternidad-2\/#primaryimage","url":"https:\/\/momiasdequinto.es\/wp-content\/uploads\/2025\/12\/Cartel-Teatro-Quinto-2026_generico-pdf.jpg","contentUrl":"https:\/\/momiasdequinto.es\/wp-content\/uploads\/2025\/12\/Cartel-Teatro-Quinto-2026_generico-pdf.jpg"},{"@type":"BreadcrumbList","@id":"https:\/\/momiasdequinto.es\/entradas\/los-misterios-de-la-eternidad-2\/#breadcrumb","itemListElement":[{"@type":"ListItem","position":1,"name":"Portada","item":"https:\/\/momiasdequinto.es\/"},{"@type":"ListItem","position":2,"name":"BOOKING","item":"https:\/\/momiasdequinto.es\/reservar\/"},{"@type":"ListItem","position":3,"name":"Los misterios de la eternidad"}]},{"@type":"WebSite","@id":"https:\/\/momiasdequinto.es\/#website","url":"https:\/\/momiasdequinto.es\/","name":"Momias de Quinto","description":"Un museo \u00fanico en Espa\u00f1a","publisher":{"@id":"https:\/\/momiasdequinto.es\/#organization"},"potentialAction":[{"@type":"SearchAction","target":{"@type":"EntryPoint","urlTemplate":"https:\/\/momiasdequinto.es\/?s={search_term_string}"},"query-input":{"@type":"PropertyValueSpecification","valueRequired":true,"valueName":"search_term_string"}}],"inLanguage":"en-US"},{"@type":"Organization","@id":"https:\/\/momiasdequinto.es\/#organization","name":"Museo de Momias de Quinto","url":"https:\/\/momiasdequinto.es\/","logo":{"@type":"ImageObject","inLanguage":"en-US","@id":"https:\/\/momiasdequinto.es\/#\/schema\/logo\/image\/","url":"https:\/\/momiasdequinto.es\/wp-content\/uploads\/2018\/03\/piquete.png","contentUrl":"https:\/\/momiasdequinto.es\/wp-content\/uploads\/2018\/03\/piquete.png","width":95,"height":87,"caption":"Museo de Momias de Quinto"},"image":{"@id":"https:\/\/momiasdequinto.es\/#\/schema\/logo\/image\/"},"sameAs":["https:\/\/www.facebook.com\/museomomiasquinto\/","https:\/\/x.com\/momiasdequinto","https:\/\/www.instagram.com\/momiasdequinto\/"]}]}},"_links":{"self":[{"href":"https:\/\/momiasdequinto.es\/en\/wp-json\/wp\/v2\/product\/27738","targetHints":{"allow":["GET"]}}],"collection":[{"href":"https:\/\/momiasdequinto.es\/en\/wp-json\/wp\/v2\/product"}],"about":[{"href":"https:\/\/momiasdequinto.es\/en\/wp-json\/wp\/v2\/types\/product"}],"wp:featuredmedia":[{"embeddable":true,"href":"https:\/\/momiasdequinto.es\/en\/wp-json\/wp\/v2\/media\/27772"}],"wp:attachment":[{"href":"https:\/\/momiasdequinto.es\/en\/wp-json\/wp\/v2\/media?parent=27738"}],"wp:term":[{"taxonomy":"product_brand","embeddable":true,"href":"https:\/\/momiasdequinto.es\/en\/wp-json\/wp\/v2\/product_brand?post=27738"},{"taxonomy":"product_cat","embeddable":true,"href":"https:\/\/momiasdequinto.es\/en\/wp-json\/wp\/v2\/product_cat?post=27738"},{"taxonomy":"product_tag","embeddable":true,"href":"https:\/\/momiasdequinto.es\/en\/wp-json\/wp\/v2\/product_tag?post=27738"}],"curies":[{"name":"wp","href":"https:\/\/api.w.org\/{rel}","templated":true}]}}