{"id":19051,"date":"2023-05-24T17:51:23","date_gmt":"2023-05-24T15:51:23","guid":{"rendered":"https:\/\/momiasdequinto.es\/?post_type=product&#038;p=19051"},"modified":"2026-02-16T11:48:23","modified_gmt":"2026-02-16T10:48:23","slug":"entradas-visita-guiada-a-las-trincheras-de-la-guerra-civil","status":"publish","type":"product","link":"https:\/\/momiasdequinto.es\/en\/entradas\/entradas-visita-guiada-a-las-trincheras-de-la-guerra-civil\/","title":{"rendered":"Night Tour"},"content":{"rendered":"<p><\/p>\n<ol>\n<li>Visitas para todos p\u00fablicos. No adaptadas para personas con movilidad reducida.<\/li>\n<li>Imprescindible llegar en veh\u00edculo ya que se sit\u00faan a unos 3 kil\u00f3metros del Museo de las Momias. Buscar la ubicaci\u00f3n a trav\u00e9s de Google Maps: Trincheras de Quinto \u2013 Purburel.<\/li>\n<li>Se recomienda ropa y calzado c\u00f3modo. No existen aseos ni puntos de venta de comida ni bebida.<\/li>\n<li>Grupos de 15-20 personas por visita.<\/li>\n<\/ol>\n<p><\/p>","protected":false},"excerpt":{"rendered":"<p>Realiza una visita guiada a la trincheras y vestigios de la Guerra Civil en Quinto de una hora y media de duraci\u00f3n aproximadamente. El precio de las entradas es de 5\u20ac y solo se podr\u00e1 acceder a la visita con entrada anticipada. No se vender\u00e1n entradas en taquilla el d\u00eda de la visita. Aforo limitado a 20 personas .<\/p>\n","protected":false},"featured_media":24779,"template":"","meta":{"_acf_changed":false,"_price":"5","_stock":"","_tribe_ticket_header":"","_tribe_default_ticket_provider":"","_tribe_ticket_capacity":"","_ticket_start_date":"","_ticket_end_date":"","_tribe_ticket_show_description":"","_tribe_ticket_show_not_going":false,"_tribe_ticket_use_global_stock":"","_tribe_ticket_global_stock_level":"","_global_stock_mode":"","_global_stock_cap":"","_tribe_rsvp_for_event":"","_tribe_ticket_going_count":"","_tribe_ticket_not_going_count":"","_tribe_tickets_list":"[]","_tribe_ticket_has_attendee_info_fields":false},"product_brand":[],"product_cat":[103],"product_tag":[],"class_list":{"0":"post-19051","1":"product","2":"type-product","3":"status-publish","4":"has-post-thumbnail","6":"product_cat-entradas","8":"first","9":"instock","10":"virtual","11":"sold-individually","12":"taxable","13":"purchasable","14":"product-type-booking"},"acf":[],"yoast_head":"<!-- This site is optimized with the Yoast SEO plugin v24.5 - https:\/\/yoast.com\/wordpress\/plugins\/seo\/ -->\n<title>Night Tour - Momias de Quinto<\/title>\n<meta name=\"robots\" content=\"index, follow, max-snippet:-1, max-image-preview:large, max-video-preview:-1\" \/>\n<link rel=\"canonical\" href=\"https:\/\/momiasdequinto.es\/entradas\/entradas-visita-guiada-a-las-trincheras-de-la-guerra-civil\/\" \/>\n<meta property=\"og:locale\" content=\"en_US\" \/>\n<meta property=\"og:type\" content=\"article\" \/>\n<meta property=\"og:title\" content=\"[:es]Entradas Visita Guiada a las Trincheras de la Guerra Civil[:en]Night Tour[:] - Momias de Quinto\" \/>\n<meta property=\"og:description\" content=\"[:es]Realiza una visita guiada a la trincheras y vestigios de la Guerra Civil en Quinto de una hora y media de duraci\u00f3n aproximadamente. El precio de las entradas es de 5\u20ac y solo se podr\u00e1 acceder a la visita con entrada anticipada. Tambi\u00e9n pueden adquirirse las entradas en la recepci\u00f3n del Museo de las Momias de Quinto o en el punto de encuentro minutos antes de comenzar la visita siempre que queden plazas disponibles. Aforo limitado a 25 personas.  &nbsp;[:en]Realiza una visita guiada a la trincheras y vestigios de la Guerra Civil en Quinto de una hora y media de duraci\u00f3n aproximadamente. El precio de las entradas es de 5\u20ac y solo se podr\u00e1 acceder a la visita con entrada anticipada. No se vender\u00e1n entradas en taquilla el d\u00eda de la visita. Aforo limitado a 20 personas .[:]\" \/>\n<meta property=\"og:url\" content=\"https:\/\/momiasdequinto.es\/entradas\/entradas-visita-guiada-a-las-trincheras-de-la-guerra-civil\/\" \/>\n<meta property=\"og:site_name\" content=\"Momias de Quinto\" \/>\n<meta property=\"article:publisher\" content=\"https:\/\/www.facebook.com\/museomomiasquinto\/\" \/>\n<meta property=\"article:modified_time\" content=\"2026-02-16T10:48:23+00:00\" \/>\n<meta property=\"og:image\" content=\"https:\/\/momiasdequinto.es\/wp-content\/uploads\/2023\/05\/trinchera_reserva.jpg\" \/>\n\t<meta property=\"og:image:width\" content=\"450\" \/>\n\t<meta property=\"og:image:height\" content=\"450\" \/>\n\t<meta property=\"og:image:type\" content=\"image\/jpeg\" \/>\n<meta name=\"twitter:card\" content=\"summary_large_image\" \/>\n<meta name=\"twitter:site\" content=\"@momiasdequinto\" \/>\n<meta name=\"twitter:label1\" content=\"Est. reading time\" \/>\n\t<meta name=\"twitter:data1\" content=\"1 minute\" \/>\n<script type=\"application\/ld+json\" class=\"yoast-schema-graph\">{\"@context\":\"https:\/\/schema.org\",\"@graph\":[{\"@type\":\"WebPage\",\"@id\":\"https:\/\/momiasdequinto.es\/entradas\/entradas-visita-guiada-a-las-trincheras-de-la-guerra-civil\/\",\"url\":\"https:\/\/momiasdequinto.es\/entradas\/entradas-visita-guiada-a-las-trincheras-de-la-guerra-civil\/\",\"name\":\"[:es]Entradas Visita Guiada a las Trincheras de la Guerra Civil[:en]Night Tour[:] - Momias de Quinto\",\"isPartOf\":{\"@id\":\"https:\/\/momiasdequinto.es\/#website\"},\"primaryImageOfPage\":{\"@id\":\"https:\/\/momiasdequinto.es\/entradas\/entradas-visita-guiada-a-las-trincheras-de-la-guerra-civil\/#primaryimage\"},\"image\":{\"@id\":\"https:\/\/momiasdequinto.es\/entradas\/entradas-visita-guiada-a-las-trincheras-de-la-guerra-civil\/#primaryimage\"},\"thumbnailUrl\":\"https:\/\/momiasdequinto.es\/wp-content\/uploads\/2023\/05\/trinchera_reserva.jpg\",\"datePublished\":\"2023-05-24T15:51:23+00:00\",\"dateModified\":\"2026-02-16T10:48:23+00:00\",\"breadcrumb\":{\"@id\":\"https:\/\/momiasdequinto.es\/entradas\/entradas-visita-guiada-a-las-trincheras-de-la-guerra-civil\/#breadcrumb\"},\"inLanguage\":\"en-US\",\"potentialAction\":[{\"@type\":\"ReadAction\",\"target\":[\"https:\/\/momiasdequinto.es\/entradas\/entradas-visita-guiada-a-las-trincheras-de-la-guerra-civil\/\"]}]},{\"@type\":\"ImageObject\",\"inLanguage\":\"en-US\",\"@id\":\"https:\/\/momiasdequinto.es\/entradas\/entradas-visita-guiada-a-las-trincheras-de-la-guerra-civil\/#primaryimage\",\"url\":\"https:\/\/momiasdequinto.es\/wp-content\/uploads\/2023\/05\/trinchera_reserva.jpg\",\"contentUrl\":\"https:\/\/momiasdequinto.es\/wp-content\/uploads\/2023\/05\/trinchera_reserva.jpg\",\"width\":450,\"height\":450},{\"@type\":\"BreadcrumbList\",\"@id\":\"https:\/\/momiasdequinto.es\/entradas\/entradas-visita-guiada-a-las-trincheras-de-la-guerra-civil\/#breadcrumb\",\"itemListElement\":[{\"@type\":\"ListItem\",\"position\":1,\"name\":\"Portada\",\"item\":\"https:\/\/momiasdequinto.es\/\"},{\"@type\":\"ListItem\",\"position\":2,\"name\":\"BOOKING\",\"item\":\"https:\/\/momiasdequinto.es\/reservar\/\"},{\"@type\":\"ListItem\",\"position\":3,\"name\":\"Entradas Visita Guiada a las Trincheras de la Guerra Civil\"}]},{\"@type\":\"WebSite\",\"@id\":\"https:\/\/momiasdequinto.es\/#website\",\"url\":\"https:\/\/momiasdequinto.es\/\",\"name\":\"Momias de Quinto\",\"description\":\"Un museo \u00fanico en Espa\u00f1a\",\"publisher\":{\"@id\":\"https:\/\/momiasdequinto.es\/#organization\"},\"potentialAction\":[{\"@type\":\"SearchAction\",\"target\":{\"@type\":\"EntryPoint\",\"urlTemplate\":\"https:\/\/momiasdequinto.es\/?s={search_term_string}\"},\"query-input\":{\"@type\":\"PropertyValueSpecification\",\"valueRequired\":true,\"valueName\":\"search_term_string\"}}],\"inLanguage\":\"en-US\"},{\"@type\":\"Organization\",\"@id\":\"https:\/\/momiasdequinto.es\/#organization\",\"name\":\"Museo de Momias de Quinto\",\"url\":\"https:\/\/momiasdequinto.es\/\",\"logo\":{\"@type\":\"ImageObject\",\"inLanguage\":\"en-US\",\"@id\":\"https:\/\/momiasdequinto.es\/#\/schema\/logo\/image\/\",\"url\":\"https:\/\/momiasdequinto.es\/wp-content\/uploads\/2018\/03\/piquete.png\",\"contentUrl\":\"https:\/\/momiasdequinto.es\/wp-content\/uploads\/2018\/03\/piquete.png\",\"width\":95,\"height\":87,\"caption\":\"Museo de Momias de Quinto\"},\"image\":{\"@id\":\"https:\/\/momiasdequinto.es\/#\/schema\/logo\/image\/\"},\"sameAs\":[\"https:\/\/www.facebook.com\/museomomiasquinto\/\",\"https:\/\/x.com\/momiasdequinto\",\"https:\/\/www.instagram.com\/momiasdequinto\/\"]}]}<\/script>\n<!-- \/ Yoast SEO plugin. -->","yoast_head_json":{"title":"[:es]Entradas Visita Guiada a las Trincheras de la Guerra Civil[:en]Night Tour[:] - Momias de Quinto","robots":{"index":"index","follow":"follow","max-snippet":"max-snippet:-1","max-image-preview":"max-image-preview:large","max-video-preview":"max-video-preview:-1"},"canonical":"https:\/\/momiasdequinto.es\/entradas\/entradas-visita-guiada-a-las-trincheras-de-la-guerra-civil\/","og_locale":"en_US","og_type":"article","og_title":"[:es]Entradas Visita Guiada a las Trincheras de la Guerra Civil[:en]Night Tour[:] - Momias de Quinto","og_description":"[:es]Realiza una visita guiada a la trincheras y vestigios de la Guerra Civil en Quinto de una hora y media de duraci\u00f3n aproximadamente. El precio de las entradas es de 5\u20ac y solo se podr\u00e1 acceder a la visita con entrada anticipada. Tambi\u00e9n pueden adquirirse las entradas en la recepci\u00f3n del Museo de las Momias de Quinto o en el punto de encuentro minutos antes de comenzar la visita siempre que queden plazas disponibles. Aforo limitado a 25 personas.  &nbsp;[:en]Realiza una visita guiada a la trincheras y vestigios de la Guerra Civil en Quinto de una hora y media de duraci\u00f3n aproximadamente. El precio de las entradas es de 5\u20ac y solo se podr\u00e1 acceder a la visita con entrada anticipada. No se vender\u00e1n entradas en taquilla el d\u00eda de la visita. Aforo limitado a 20 personas .[:]","og_url":"https:\/\/momiasdequinto.es\/entradas\/entradas-visita-guiada-a-las-trincheras-de-la-guerra-civil\/","og_site_name":"Momias de Quinto","article_publisher":"https:\/\/www.facebook.com\/museomomiasquinto\/","article_modified_time":"2026-02-16T10:48:23+00:00","og_image":[{"width":450,"height":450,"url":"https:\/\/momiasdequinto.es\/wp-content\/uploads\/2023\/05\/trinchera_reserva.jpg","type":"image\/jpeg"}],"twitter_card":"summary_large_image","twitter_site":"@momiasdequinto","twitter_misc":{"Est. reading time":"1 minute"},"schema":{"@context":"https:\/\/schema.org","@graph":[{"@type":"WebPage","@id":"https:\/\/momiasdequinto.es\/entradas\/entradas-visita-guiada-a-las-trincheras-de-la-guerra-civil\/","url":"https:\/\/momiasdequinto.es\/entradas\/entradas-visita-guiada-a-las-trincheras-de-la-guerra-civil\/","name":"[:es]Entradas Visita Guiada a las Trincheras de la Guerra Civil[:en]Night Tour[:] - Momias de Quinto","isPartOf":{"@id":"https:\/\/momiasdequinto.es\/#website"},"primaryImageOfPage":{"@id":"https:\/\/momiasdequinto.es\/entradas\/entradas-visita-guiada-a-las-trincheras-de-la-guerra-civil\/#primaryimage"},"image":{"@id":"https:\/\/momiasdequinto.es\/entradas\/entradas-visita-guiada-a-las-trincheras-de-la-guerra-civil\/#primaryimage"},"thumbnailUrl":"https:\/\/momiasdequinto.es\/wp-content\/uploads\/2023\/05\/trinchera_reserva.jpg","datePublished":"2023-05-24T15:51:23+00:00","dateModified":"2026-02-16T10:48:23+00:00","breadcrumb":{"@id":"https:\/\/momiasdequinto.es\/entradas\/entradas-visita-guiada-a-las-trincheras-de-la-guerra-civil\/#breadcrumb"},"inLanguage":"en-US","potentialAction":[{"@type":"ReadAction","target":["https:\/\/momiasdequinto.es\/entradas\/entradas-visita-guiada-a-las-trincheras-de-la-guerra-civil\/"]}]},{"@type":"ImageObject","inLanguage":"en-US","@id":"https:\/\/momiasdequinto.es\/entradas\/entradas-visita-guiada-a-las-trincheras-de-la-guerra-civil\/#primaryimage","url":"https:\/\/momiasdequinto.es\/wp-content\/uploads\/2023\/05\/trinchera_reserva.jpg","contentUrl":"https:\/\/momiasdequinto.es\/wp-content\/uploads\/2023\/05\/trinchera_reserva.jpg","width":450,"height":450},{"@type":"BreadcrumbList","@id":"https:\/\/momiasdequinto.es\/entradas\/entradas-visita-guiada-a-las-trincheras-de-la-guerra-civil\/#breadcrumb","itemListElement":[{"@type":"ListItem","position":1,"name":"Portada","item":"https:\/\/momiasdequinto.es\/"},{"@type":"ListItem","position":2,"name":"BOOKING","item":"https:\/\/momiasdequinto.es\/reservar\/"},{"@type":"ListItem","position":3,"name":"Entradas Visita Guiada a las Trincheras de la Guerra Civil"}]},{"@type":"WebSite","@id":"https:\/\/momiasdequinto.es\/#website","url":"https:\/\/momiasdequinto.es\/","name":"Momias de Quinto","description":"Un museo \u00fanico en Espa\u00f1a","publisher":{"@id":"https:\/\/momiasdequinto.es\/#organization"},"potentialAction":[{"@type":"SearchAction","target":{"@type":"EntryPoint","urlTemplate":"https:\/\/momiasdequinto.es\/?s={search_term_string}"},"query-input":{"@type":"PropertyValueSpecification","valueRequired":true,"valueName":"search_term_string"}}],"inLanguage":"en-US"},{"@type":"Organization","@id":"https:\/\/momiasdequinto.es\/#organization","name":"Museo de Momias de Quinto","url":"https:\/\/momiasdequinto.es\/","logo":{"@type":"ImageObject","inLanguage":"en-US","@id":"https:\/\/momiasdequinto.es\/#\/schema\/logo\/image\/","url":"https:\/\/momiasdequinto.es\/wp-content\/uploads\/2018\/03\/piquete.png","contentUrl":"https:\/\/momiasdequinto.es\/wp-content\/uploads\/2018\/03\/piquete.png","width":95,"height":87,"caption":"Museo de Momias de Quinto"},"image":{"@id":"https:\/\/momiasdequinto.es\/#\/schema\/logo\/image\/"},"sameAs":["https:\/\/www.facebook.com\/museomomiasquinto\/","https:\/\/x.com\/momiasdequinto","https:\/\/www.instagram.com\/momiasdequinto\/"]}]}},"_links":{"self":[{"href":"https:\/\/momiasdequinto.es\/en\/wp-json\/wp\/v2\/product\/19051","targetHints":{"allow":["GET"]}}],"collection":[{"href":"https:\/\/momiasdequinto.es\/en\/wp-json\/wp\/v2\/product"}],"about":[{"href":"https:\/\/momiasdequinto.es\/en\/wp-json\/wp\/v2\/types\/product"}],"wp:featuredmedia":[{"embeddable":true,"href":"https:\/\/momiasdequinto.es\/en\/wp-json\/wp\/v2\/media\/24779"}],"wp:attachment":[{"href":"https:\/\/momiasdequinto.es\/en\/wp-json\/wp\/v2\/media?parent=19051"}],"wp:term":[{"taxonomy":"product_brand","embeddable":true,"href":"https:\/\/momiasdequinto.es\/en\/wp-json\/wp\/v2\/product_brand?post=19051"},{"taxonomy":"product_cat","embeddable":true,"href":"https:\/\/momiasdequinto.es\/en\/wp-json\/wp\/v2\/product_cat?post=19051"},{"taxonomy":"product_tag","embeddable":true,"href":"https:\/\/momiasdequinto.es\/en\/wp-json\/wp\/v2\/product_tag?post=19051"}],"curies":[{"name":"wp","href":"https:\/\/api.w.org\/{rel}","templated":true}]}}