{"id":7903,"date":"2020-06-25T15:53:09","date_gmt":"2020-06-25T13:53:09","guid":{"rendered":"https:\/\/momiasdequinto.es\/?page_id=7903"},"modified":"2020-06-25T16:06:19","modified_gmt":"2020-06-25T14:06:19","slug":"camino-santiago","status":"publish","type":"page","link":"https:\/\/momiasdequinto.es\/en\/quinto\/camino-santiago\/","title":{"rendered":"The Road to Santiago"},"content":{"rendered":"<p><div class=\"fusion-fullwidth fullwidth-box fusion-builder-row-3 nonhundred-percent-fullwidth non-hundred-percent-height-scrolling\" style=\"--awb-border-radius-top-left:0px;--awb-border-radius-top-right:0px;--awb-border-radius-bottom-right:0px;--awb-border-radius-bottom-left:0px;--awb-padding-top:0px;--awb-padding-right:0px;--awb-padding-bottom:0px;--awb-padding-left:0px;--awb-margin-top:0px;--awb-margin-bottom:0px;--awb-background-color:#ffffff;--awb-flex-wrap:wrap;\" ><div class=\"fusion-builder-row fusion-row\"><div class=\"fusion-layout-column fusion_builder_column fusion-builder-column-4 fusion_builder_column_1_1 1_1 fusion-one-full fusion-column-first fusion-column-last\" style=\"--awb-bg-size:cover;\"><div class=\"fusion-column-wrapper fusion-flex-column-wrapper-legacy\"><div class=\"fusion-image-element fusion-image-align-center in-legacy-container\" style=\"text-align:center;--awb-caption-title-font-family:var(--h2_typography-font-family);--awb-caption-title-font-weight:var(--h2_typography-font-weight);--awb-caption-title-font-style:var(--h2_typography-font-style);--awb-caption-title-size:var(--h2_typography-font-size);--awb-caption-title-transform:var(--h2_typography-text-transform);--awb-caption-title-line-height:var(--h2_typography-line-height);--awb-caption-title-letter-spacing:var(--h2_typography-letter-spacing);\"><div class=\"imageframe-align-center\"><span class=\" fusion-imageframe imageframe-none imageframe-3 hover-type-none\"><img decoding=\"async\" width=\"150\" height=\"150\" title=\"LogoCaminoSantiago\" src=\"https:\/\/momiasdequinto.es\/wp-content\/uploads\/2020\/06\/LogoCaminoSantiago-150x150.png\" alt class=\"img-responsive wp-image-7905\" srcset=\"https:\/\/momiasdequinto.es\/wp-content\/uploads\/2020\/06\/LogoCaminoSantiago-66x66.png 66w, https:\/\/momiasdequinto.es\/wp-content\/uploads\/2020\/06\/LogoCaminoSantiago-100x100.png 100w, https:\/\/momiasdequinto.es\/wp-content\/uploads\/2020\/06\/LogoCaminoSantiago-150x150.png 150w\" sizes=\"(max-width: 150px) 100vw, 150px\" \/><\/span><\/div><\/div><div class=\"fusion-clearfix\"><\/div><\/div><\/div><div class=\"fusion-layout-column fusion_builder_column fusion-builder-column-5 fusion_builder_column_1_1 1_1 fusion-one-full fusion-column-first fusion-column-last\" style=\"--awb-bg-size:cover;\"><div class=\"fusion-column-wrapper fusion-flex-column-wrapper-legacy\"><div class=\"fusion-text fusion-text-2\"><p>The Road begins its journey at the mouth of the Ebro river and from the towns of Deltebre, Amposta and Tortosa, continues upstream towards Zaragoza. Then he travels the lands of the Ribera de Navarra, to reach Logro\u00f1o (La Rioja) and join the Road to Santiago. In Escatr\u00f3n and El Burgo de Ebro (Zaragoza), it joins the Caminos del Maestrazgo and Bajo Arag\u00f3n that come from Castell\u00f3n, and in Pina de Ebro (Saragossa) and joins the Catalan Way that comes from Montserrat.<\/p>\n<p><strong> Historical Origin <\/strong><br \/>\nHistorically it has served Hispanic pilgrims settled in the fertile lands irrigated by the Ebro river, as well as pilgrims from the Mediterranean coastal countries who came to land in the vicinity of the Ebro delta. Territorially it runs through the autonomous communities of Catalonia (Tarragona) , Arag\u00f3n (Teruel and Saragossa), Navarra and La Rioja.<\/p>\n<p><strong> The Path as it passes through Quinto. <\/strong><br \/>\nThe Road is wide, straight and smooth, and it runs through orchards and cereal fields. Leaving the town of Gelsa next to the A-1105 road that goes towards the Ebro river, we cross it through the new bridge and on the other bank we find the hermitage of Nuestra Se\u00f1ora de Matamala to the left, although we continue to the right.<\/p>\n<p>Our way moves away from the highway when crossing the bend of the river, next to a pumping station. We pass by the Quinto electrical substation, cross the Prado canal and continue its course, moving away from the railroad tracks, passing a treatment plant, along the Camino de la Estaci\u00f3n until we reach a complex of industrial warehouses that have the same name of Camino de la Estaci\u00f3n and where we meet again with the railroads whose layout we will follow until we enter Quinto.<\/p>\n<p>Place of union of the Catalan Jacobean Roads, the one that comes from Montserrat and L\u00e9rida, and that enters Aragon through Fraga, and the one that we are now traveling and that begins in San Carlos de la Rapita. The villa has a beautiful Mudejar church dedicated to the Assumption of Our Lady, whose silhouette dominates the entire town and its surroundings and today houses the only museum of mummies in Spain.<\/p>\n<p>As we approach the first houses, we turn left onto Calle del Puerto to reach Avenida de la Constituci\u00f3n, through which we will walk through the town until its exit. In it, the path deviates to the right and heads again towards the train tracks, walks alongside them for a few meters and, already in the vicinity of the Ebro, crosses them to approach the banks of the river.<\/p>\n<p>The road now makes a wide arc between the orchards to return, later, to approach the train tracks, this coming and going to the tracks will continue for a few kilometers until we enter the terminus of Pina de Ebro and Fuentes de Ebro.<\/p>\n<p>Information obtained from the web: www.caminosantiago.org<\/p>\n<\/div><div class=\"fusion-clearfix\"><\/div><\/div><\/div><div class=\"fusion-layout-column fusion_builder_column fusion-builder-column-6 fusion_builder_column_1_1 1_1 fusion-one-full fusion-column-first fusion-column-last\" style=\"--awb-padding-top:0px;--awb-padding-right:0px;--awb-padding-bottom:0px;--awb-padding-left:0px;--awb-bg-color:#ffffff;--awb-bg-color-hover:#ffffff;--awb-bg-size:cover;--awb-border-color:#ffffff;--awb-border-style:solid;\"><div class=\"fusion-column-wrapper fusion-column-has-shadow fusion-flex-column-wrapper-legacy\"><div class=\"fusion-image-element fusion-image-align-center in-legacy-container\" style=\"text-align:center;--awb-caption-title-font-family:var(--h2_typography-font-family);--awb-caption-title-font-weight:var(--h2_typography-font-weight);--awb-caption-title-font-style:var(--h2_typography-font-style);--awb-caption-title-size:var(--h2_typography-font-size);--awb-caption-title-transform:var(--h2_typography-text-transform);--awb-caption-title-line-height:var(--h2_typography-line-height);--awb-caption-title-letter-spacing:var(--h2_typography-letter-spacing);\"><div class=\"imageframe-align-center\"><span class=\" fusion-imageframe imageframe-none imageframe-4 hover-type-none\"><a href=\"https:\/\/momiasdequinto.es\/wp-content\/uploads\/2020\/06\/PlanoCaminosEbroReducido-scaled.jpg\" class=\"fusion-lightbox\" data-rel=\"iLightbox[46607880e0dc263f3d5]\" data-title=\"PlanoCaminosEbroReducido\" title=\"PlanoCaminosEbroReducido\"><img decoding=\"async\" width=\"2560\" height=\"1263\" src=\"https:\/\/momiasdequinto.es\/wp-content\/uploads\/2020\/06\/PlanoCaminosEbroReducido-scaled.jpg\" alt class=\"img-responsive wp-image-7908\" srcset=\"https:\/\/momiasdequinto.es\/wp-content\/uploads\/2020\/06\/PlanoCaminosEbroReducido-200x99.jpg 200w, https:\/\/momiasdequinto.es\/wp-content\/uploads\/2020\/06\/PlanoCaminosEbroReducido-400x197.jpg 400w, https:\/\/momiasdequinto.es\/wp-content\/uploads\/2020\/06\/PlanoCaminosEbroReducido-600x296.jpg 600w, https:\/\/momiasdequinto.es\/wp-content\/uploads\/2020\/06\/PlanoCaminosEbroReducido-800x395.jpg 800w, https:\/\/momiasdequinto.es\/wp-content\/uploads\/2020\/06\/PlanoCaminosEbroReducido-1200x592.jpg 1200w, https:\/\/momiasdequinto.es\/wp-content\/uploads\/2020\/06\/PlanoCaminosEbroReducido-scaled.jpg 2560w\" sizes=\"(max-width: 800px) 100vw, 1200px\" \/><\/a><\/span><\/div><\/div><div class=\"fusion-sep-clear\"><\/div><div class=\"fusion-separator fusion-full-width-sep\" style=\"margin-left: auto;margin-right: auto;margin-top:10px;margin-bottom:10px;width:100%;\"><\/div><div class=\"fusion-sep-clear\"><\/div><div class=\"fusion-clearfix\"><\/div><\/div><\/div><\/div><\/div><div class=\"fusion-fullwidth fullwidth-box fusion-builder-row-4 nonhundred-percent-fullwidth non-hundred-percent-height-scrolling\" style=\"--awb-border-radius-top-left:0px;--awb-border-radius-top-right:0px;--awb-border-radius-bottom-right:0px;--awb-border-radius-bottom-left:0px;--awb-background-color:rgba(37,41,43,0);--awb-flex-wrap:wrap;\" ><div class=\"fusion-builder-row fusion-row\"><div class=\"fusion-layout-column fusion_builder_column fusion-builder-column-7 fusion_builder_column_1_1 1_1 fusion-one-full fusion-column-first fusion-column-last\" style=\"--awb-bg-size:cover;\"><div class=\"fusion-column-wrapper fusion-column-has-shadow fusion-flex-column-wrapper-legacy\"><div class=\"awb-gallery-wrapper awb-gallery-wrapper-2 button-span-no\"><div style=\"margin:-5px;--awb-bordersize:0px;\" class=\"fusion-gallery fusion-gallery-container fusion-grid-3 fusion-columns-total-3 fusion-gallery-layout-grid fusion-gallery-2\"><div style=\"padding:5px;\" class=\"fusion-grid-column fusion-gallery-column fusion-gallery-column-3 hover-type-none\"><div class=\"fusion-gallery-image\"><a href=\"https:\/\/momiasdequinto.es\/wp-content\/uploads\/2020\/06\/huertaymonte-4-scaled.jpg\" rel=\"noreferrer\" data-rel=\"iLightbox[gallery_image_2]\" class=\"fusion-lightbox\" target=\"_self\"><img decoding=\"async\" src=\"https:\/\/momiasdequinto.es\/wp-content\/uploads\/2020\/06\/huertaymonte-4-scaled.jpg\" width=\"2560\" height=\"1700\" alt=\"\" title=\"huertaymonte (4)\" aria-label=\"huertaymonte (4)\" class=\"img-responsive wp-image-7912\" srcset=\"https:\/\/momiasdequinto.es\/wp-content\/uploads\/2020\/06\/huertaymonte-4-200x133.jpg 200w, https:\/\/momiasdequinto.es\/wp-content\/uploads\/2020\/06\/huertaymonte-4-400x266.jpg 400w, https:\/\/momiasdequinto.es\/wp-content\/uploads\/2020\/06\/huertaymonte-4-600x399.jpg 600w, https:\/\/momiasdequinto.es\/wp-content\/uploads\/2020\/06\/huertaymonte-4-800x531.jpg 800w, https:\/\/momiasdequinto.es\/wp-content\/uploads\/2020\/06\/huertaymonte-4-1200x797.jpg 1200w, https:\/\/momiasdequinto.es\/wp-content\/uploads\/2020\/06\/huertaymonte-4-scaled.jpg 2560w\" sizes=\"(min-width: 2200px) 100vw, (min-width: 824px) 387px, (min-width: 732px) 580px, (min-width: 640px) 732px, \" \/><\/a><\/div><\/div><div style=\"padding:5px;\" class=\"fusion-grid-column fusion-gallery-column fusion-gallery-column-3 hover-type-none\"><div class=\"fusion-gallery-image\"><a href=\"https:\/\/momiasdequinto.es\/wp-content\/uploads\/2020\/06\/Quinto-058-scaled.jpg\" rel=\"noreferrer\" data-rel=\"iLightbox[gallery_image_2]\" class=\"fusion-lightbox\" target=\"_self\"><img decoding=\"async\" src=\"https:\/\/momiasdequinto.es\/wp-content\/uploads\/2020\/06\/Quinto-058-scaled.jpg\" width=\"2560\" height=\"1700\" alt=\"\" title=\"Quinto 058\" aria-label=\"Quinto 058\" class=\"img-responsive wp-image-7914\" srcset=\"https:\/\/momiasdequinto.es\/wp-content\/uploads\/2020\/06\/Quinto-058-200x133.jpg 200w, https:\/\/momiasdequinto.es\/wp-content\/uploads\/2020\/06\/Quinto-058-400x266.jpg 400w, https:\/\/momiasdequinto.es\/wp-content\/uploads\/2020\/06\/Quinto-058-600x399.jpg 600w, https:\/\/momiasdequinto.es\/wp-content\/uploads\/2020\/06\/Quinto-058-800x531.jpg 800w, https:\/\/momiasdequinto.es\/wp-content\/uploads\/2020\/06\/Quinto-058-1200x797.jpg 1200w, https:\/\/momiasdequinto.es\/wp-content\/uploads\/2020\/06\/Quinto-058-scaled.jpg 2560w\" sizes=\"(min-width: 2200px) 100vw, (min-width: 824px) 387px, (min-width: 732px) 580px, (min-width: 640px) 732px, \" \/><\/a><\/div><\/div><div style=\"padding:5px;\" class=\"fusion-grid-column fusion-gallery-column fusion-gallery-column-3 hover-type-none\"><div class=\"fusion-gallery-image\"><a href=\"https:\/\/momiasdequinto.es\/wp-content\/uploads\/2020\/06\/Quinto-085-scaled.jpg\" rel=\"noreferrer\" data-rel=\"iLightbox[gallery_image_2]\" class=\"fusion-lightbox\" target=\"_self\"><img decoding=\"async\" src=\"https:\/\/momiasdequinto.es\/wp-content\/uploads\/2020\/06\/Quinto-085-scaled.jpg\" width=\"2560\" height=\"1700\" alt=\"\" title=\"Quinto 085\" aria-label=\"Quinto 085\" class=\"img-responsive wp-image-7915\" srcset=\"https:\/\/momiasdequinto.es\/wp-content\/uploads\/2020\/06\/Quinto-085-200x133.jpg 200w, https:\/\/momiasdequinto.es\/wp-content\/uploads\/2020\/06\/Quinto-085-400x266.jpg 400w, https:\/\/momiasdequinto.es\/wp-content\/uploads\/2020\/06\/Quinto-085-600x399.jpg 600w, https:\/\/momiasdequinto.es\/wp-content\/uploads\/2020\/06\/Quinto-085-800x531.jpg 800w, https:\/\/momiasdequinto.es\/wp-content\/uploads\/2020\/06\/Quinto-085-1200x797.jpg 1200w, https:\/\/momiasdequinto.es\/wp-content\/uploads\/2020\/06\/Quinto-085-scaled.jpg 2560w\" sizes=\"(min-width: 2200px) 100vw, (min-width: 824px) 387px, (min-width: 732px) 580px, (min-width: 640px) 732px, \" \/><\/a><\/div><\/div><div class=\"clearfix\"><\/div><\/div><\/div><div class=\"fusion-clearfix\"><\/div><\/div><\/div><\/div><\/div><\/p>","protected":false},"excerpt":{"rendered":"","protected":false},"author":9,"featured_media":0,"parent":2162,"menu_order":3,"comment_status":"closed","ping_status":"closed","template":"","meta":{"_acf_changed":false,"_price":"","_stock":"","_tribe_ticket_header":"","_tribe_default_ticket_provider":"","_tribe_ticket_capacity":"","_ticket_start_date":"","_ticket_end_date":"","_tribe_ticket_show_description":"","_tribe_ticket_show_not_going":false,"_tribe_ticket_use_global_stock":"","_tribe_ticket_global_stock_level":"","_global_stock_mode":"","_global_stock_cap":"","_tribe_rsvp_for_event":"","_tribe_ticket_going_count":"","_tribe_ticket_not_going_count":"","_tribe_tickets_list":"[]","_tribe_ticket_has_attendee_info_fields":false,"footnotes":""},"class_list":["post-7903","page","type-page","status-publish","hentry"],"acf":[],"yoast_head":"<!-- This site is optimized with the Yoast SEO plugin v24.5 - https:\/\/yoast.com\/wordpress\/plugins\/seo\/ -->\n<title>The Road to Santiago - Momias de Quinto<\/title>\n<meta name=\"robots\" content=\"index, follow, max-snippet:-1, max-image-preview:large, max-video-preview:-1\" \/>\n<link rel=\"canonical\" href=\"https:\/\/momiasdequinto.es\/quinto\/camino-santiago\/\" \/>\n<meta property=\"og:locale\" content=\"en_US\" \/>\n<meta property=\"og:type\" content=\"article\" \/>\n<meta property=\"og:title\" content=\"[:es]Camino de Santiago[:en]The Road to Santiago[:] - Momias de Quinto\" \/>\n<meta property=\"og:url\" content=\"https:\/\/momiasdequinto.es\/quinto\/camino-santiago\/\" \/>\n<meta property=\"og:site_name\" content=\"Momias de Quinto\" \/>\n<meta property=\"article:publisher\" content=\"https:\/\/www.facebook.com\/museomomiasquinto\/\" \/>\n<meta property=\"article:modified_time\" content=\"2020-06-25T14:06:19+00:00\" \/>\n<meta name=\"twitter:card\" content=\"summary_large_image\" \/>\n<meta name=\"twitter:site\" content=\"@momiasdequinto\" \/>\n<meta name=\"twitter:label1\" content=\"Est. reading time\" \/>\n\t<meta name=\"twitter:data1\" content=\"17 minutes\" \/>\n<script type=\"application\/ld+json\" class=\"yoast-schema-graph\">{\"@context\":\"https:\/\/schema.org\",\"@graph\":[{\"@type\":\"WebPage\",\"@id\":\"https:\/\/momiasdequinto.es\/quinto\/camino-santiago\/\",\"url\":\"https:\/\/momiasdequinto.es\/quinto\/camino-santiago\/\",\"name\":\"[:es]Camino de Santiago[:en]The Road to Santiago[:] - Momias de Quinto\",\"isPartOf\":{\"@id\":\"https:\/\/momiasdequinto.es\/#website\"},\"datePublished\":\"2020-06-25T13:53:09+00:00\",\"dateModified\":\"2020-06-25T14:06:19+00:00\",\"breadcrumb\":{\"@id\":\"https:\/\/momiasdequinto.es\/quinto\/camino-santiago\/#breadcrumb\"},\"inLanguage\":\"en-US\",\"potentialAction\":[{\"@type\":\"ReadAction\",\"target\":[\"https:\/\/momiasdequinto.es\/quinto\/camino-santiago\/\"]}]},{\"@type\":\"BreadcrumbList\",\"@id\":\"https:\/\/momiasdequinto.es\/quinto\/camino-santiago\/#breadcrumb\",\"itemListElement\":[{\"@type\":\"ListItem\",\"position\":1,\"name\":\"Portada\",\"item\":\"https:\/\/momiasdequinto.es\/\"},{\"@type\":\"ListItem\",\"position\":2,\"name\":\"QUINTO\",\"item\":\"https:\/\/momiasdequinto.es\/en\/quinto\/\"},{\"@type\":\"ListItem\",\"position\":3,\"name\":\"Camino de Santiago\"}]},{\"@type\":\"WebSite\",\"@id\":\"https:\/\/momiasdequinto.es\/#website\",\"url\":\"https:\/\/momiasdequinto.es\/\",\"name\":\"Momias de Quinto\",\"description\":\"Un museo \u00fanico en Espa\u00f1a\",\"publisher\":{\"@id\":\"https:\/\/momiasdequinto.es\/#organization\"},\"potentialAction\":[{\"@type\":\"SearchAction\",\"target\":{\"@type\":\"EntryPoint\",\"urlTemplate\":\"https:\/\/momiasdequinto.es\/?s={search_term_string}\"},\"query-input\":{\"@type\":\"PropertyValueSpecification\",\"valueRequired\":true,\"valueName\":\"search_term_string\"}}],\"inLanguage\":\"en-US\"},{\"@type\":\"Organization\",\"@id\":\"https:\/\/momiasdequinto.es\/#organization\",\"name\":\"Museo de Momias de Quinto\",\"url\":\"https:\/\/momiasdequinto.es\/\",\"logo\":{\"@type\":\"ImageObject\",\"inLanguage\":\"en-US\",\"@id\":\"https:\/\/momiasdequinto.es\/#\/schema\/logo\/image\/\",\"url\":\"https:\/\/momiasdequinto.es\/wp-content\/uploads\/2018\/03\/piquete.png\",\"contentUrl\":\"https:\/\/momiasdequinto.es\/wp-content\/uploads\/2018\/03\/piquete.png\",\"width\":95,\"height\":87,\"caption\":\"Museo de Momias de Quinto\"},\"image\":{\"@id\":\"https:\/\/momiasdequinto.es\/#\/schema\/logo\/image\/\"},\"sameAs\":[\"https:\/\/www.facebook.com\/museomomiasquinto\/\",\"https:\/\/x.com\/momiasdequinto\",\"https:\/\/www.instagram.com\/momiasdequinto\/\"]}]}<\/script>\n<!-- \/ Yoast SEO plugin. -->","yoast_head_json":{"title":"[:es]Camino de Santiago[:en]The Road to Santiago[:] - Momias de Quinto","robots":{"index":"index","follow":"follow","max-snippet":"max-snippet:-1","max-image-preview":"max-image-preview:large","max-video-preview":"max-video-preview:-1"},"canonical":"https:\/\/momiasdequinto.es\/quinto\/camino-santiago\/","og_locale":"en_US","og_type":"article","og_title":"[:es]Camino de Santiago[:en]The Road to Santiago[:] - Momias de Quinto","og_url":"https:\/\/momiasdequinto.es\/quinto\/camino-santiago\/","og_site_name":"Momias de Quinto","article_publisher":"https:\/\/www.facebook.com\/museomomiasquinto\/","article_modified_time":"2020-06-25T14:06:19+00:00","twitter_card":"summary_large_image","twitter_site":"@momiasdequinto","twitter_misc":{"Est. reading time":"17 minutes"},"schema":{"@context":"https:\/\/schema.org","@graph":[{"@type":"WebPage","@id":"https:\/\/momiasdequinto.es\/quinto\/camino-santiago\/","url":"https:\/\/momiasdequinto.es\/quinto\/camino-santiago\/","name":"[:es]Camino de Santiago[:en]The Road to Santiago[:] - Momias de Quinto","isPartOf":{"@id":"https:\/\/momiasdequinto.es\/#website"},"datePublished":"2020-06-25T13:53:09+00:00","dateModified":"2020-06-25T14:06:19+00:00","breadcrumb":{"@id":"https:\/\/momiasdequinto.es\/quinto\/camino-santiago\/#breadcrumb"},"inLanguage":"en-US","potentialAction":[{"@type":"ReadAction","target":["https:\/\/momiasdequinto.es\/quinto\/camino-santiago\/"]}]},{"@type":"BreadcrumbList","@id":"https:\/\/momiasdequinto.es\/quinto\/camino-santiago\/#breadcrumb","itemListElement":[{"@type":"ListItem","position":1,"name":"Portada","item":"https:\/\/momiasdequinto.es\/"},{"@type":"ListItem","position":2,"name":"QUINTO","item":"https:\/\/momiasdequinto.es\/en\/quinto\/"},{"@type":"ListItem","position":3,"name":"Camino de Santiago"}]},{"@type":"WebSite","@id":"https:\/\/momiasdequinto.es\/#website","url":"https:\/\/momiasdequinto.es\/","name":"Momias de Quinto","description":"Un museo \u00fanico en Espa\u00f1a","publisher":{"@id":"https:\/\/momiasdequinto.es\/#organization"},"potentialAction":[{"@type":"SearchAction","target":{"@type":"EntryPoint","urlTemplate":"https:\/\/momiasdequinto.es\/?s={search_term_string}"},"query-input":{"@type":"PropertyValueSpecification","valueRequired":true,"valueName":"search_term_string"}}],"inLanguage":"en-US"},{"@type":"Organization","@id":"https:\/\/momiasdequinto.es\/#organization","name":"Museo de Momias de Quinto","url":"https:\/\/momiasdequinto.es\/","logo":{"@type":"ImageObject","inLanguage":"en-US","@id":"https:\/\/momiasdequinto.es\/#\/schema\/logo\/image\/","url":"https:\/\/momiasdequinto.es\/wp-content\/uploads\/2018\/03\/piquete.png","contentUrl":"https:\/\/momiasdequinto.es\/wp-content\/uploads\/2018\/03\/piquete.png","width":95,"height":87,"caption":"Museo de Momias de Quinto"},"image":{"@id":"https:\/\/momiasdequinto.es\/#\/schema\/logo\/image\/"},"sameAs":["https:\/\/www.facebook.com\/museomomiasquinto\/","https:\/\/x.com\/momiasdequinto","https:\/\/www.instagram.com\/momiasdequinto\/"]}]}},"_links":{"self":[{"href":"https:\/\/momiasdequinto.es\/en\/wp-json\/wp\/v2\/pages\/7903","targetHints":{"allow":["GET"]}}],"collection":[{"href":"https:\/\/momiasdequinto.es\/en\/wp-json\/wp\/v2\/pages"}],"about":[{"href":"https:\/\/momiasdequinto.es\/en\/wp-json\/wp\/v2\/types\/page"}],"author":[{"embeddable":true,"href":"https:\/\/momiasdequinto.es\/en\/wp-json\/wp\/v2\/users\/9"}],"replies":[{"embeddable":true,"href":"https:\/\/momiasdequinto.es\/en\/wp-json\/wp\/v2\/comments?post=7903"}],"version-history":[{"count":10,"href":"https:\/\/momiasdequinto.es\/en\/wp-json\/wp\/v2\/pages\/7903\/revisions"}],"predecessor-version":[{"id":7919,"href":"https:\/\/momiasdequinto.es\/en\/wp-json\/wp\/v2\/pages\/7903\/revisions\/7919"}],"up":[{"embeddable":true,"href":"https:\/\/momiasdequinto.es\/en\/wp-json\/wp\/v2\/pages\/2162"}],"wp:attachment":[{"href":"https:\/\/momiasdequinto.es\/en\/wp-json\/wp\/v2\/media?parent=7903"}],"curies":[{"name":"wp","href":"https:\/\/api.w.org\/{rel}","templated":true}]}}