{"id":1745,"date":"2018-02-16T18:18:03","date_gmt":"2018-02-16T17:18:03","guid":{"rendered":"https:\/\/momiasdequinto.es\/?page_id=1745"},"modified":"2020-04-30T16:43:14","modified_gmt":"2020-04-30T14:43:14","slug":"edificio","status":"publish","type":"page","link":"https:\/\/momiasdequinto.es\/en\/edificio\/","title":{"rendered":"BUILDING"},"content":{"rendered":"<p><div class=\"fusion-fullwidth fullwidth-box fusion-builder-row-2 nonhundred-percent-fullwidth non-hundred-percent-height-scrolling\" style=\"--awb-border-radius-top-left:0px;--awb-border-radius-top-right:0px;--awb-border-radius-bottom-right:0px;--awb-border-radius-bottom-left:0px;--awb-padding-top:0px;--awb-padding-right:0px;--awb-padding-bottom:0px;--awb-padding-left:0px;--awb-margin-top:0px;--awb-margin-bottom:0px;--awb-background-color:#ffffff;--awb-flex-wrap:wrap;\" ><div class=\"fusion-builder-row fusion-row\"><div class=\"fusion-layout-column fusion_builder_column fusion-builder-column-3 fusion_builder_column_1_1 1_1 fusion-one-full fusion-column-first fusion-column-last\" style=\"--awb-padding-top:0px;--awb-padding-right:0px;--awb-padding-bottom:0px;--awb-padding-left:0px;--awb-bg-color:#ffffff;--awb-bg-color-hover:#ffffff;--awb-bg-size:cover;--awb-border-color:#ffffff;--awb-border-style:solid;--awb-margin-top:-55px;--awb-margin-bottom:-55px;\"><div class=\"fusion-column-wrapper fusion-flex-column-wrapper-legacy\"><div class=\"fusion-text fusion-text-4\"><p class=\"textos\">The old church of the Assumption of Our Lady, popularly known as \u201cEl Piquete\u201d, is a Gothic-Mudejar Monument.<\/p>\n<p class=\"textos\">Construction began in the early fifteenth century, around 1414, by Antipope Benedict XIII (Papa Luna)\u2019s architect Mahoma Ram\u00ed. El Piquete is located on the hill that gives its name to the more fortified \u201cThe Crown\u201d defensive, which can be likened to the castle of the town of Quinto, Zaragoza, Spain.<\/p>\n<p class=\"textos\">During the Civil War it was used as an observation point and also provided shelter for the population. El Piquete suffered the war at first hand since it was exposed to the constant effects of artillery which resulted in severe damage to the building, including the walls, galleries, roofs and porch. After the war el Piquete was desecrated and new church was built in the lower part of the village.<\/p>\n<p class=\"textos\">El Piquete was closed to the public since the 1950s as it remained in a state of disrepair. However it was used as warehouse to store grain during the 1960s.<\/p>\n<p class=\"textos\">However, Quinto City Council assumed the responsibility for the maintenance of the church and undertook a restoration project that started in 1982 and lasted four decades. In 1996 the Borough of Quinto secured funding from the regional government, the Diputaci\u00f3n Provincial de Zaragoza, to restore the fa\u00e7ade. This project was carried out by architects Carlos Garc\u00eda Toledo and Javier Pe\u00f1a Gonzalvo and was concluded in 2003. Long years of restoration efforts have improved the outside of the building, reflecting its splendour and beauty.<\/p>\n<p class=\"textos\">The next phase of restoration focused on the inside of the church. In 2011 floor repairs lead to the discovery of a burial site holding 30 mummified bodies which date back 300 years. The bodies were naturally mummified after being interred, due to lack of humidity in the environment. Fifteen mummies are well preserved with many of their traits and clothes intact and are popularly known \u201cQuinto\u2019s mummies\u201d. From 2011 to 2016 archaeological works were carried out to locate more burial sites and to analyse and research the mummies. Part of the archaeological work entailed advising on future renovation plans.<\/p>\n<p class=\"textos\">The Church opened its doors to the public in November 2017. The Borough of Quinto organised a large and festive cultural event to celebrate the culmination of the restoration works and to present plans to turn the building into a Cultural Centre and Museum for use by all the community and visitors to the area. Celebrations ran for two days and more than 2,500 people passed through the Church.<\/p>\n<p class=\"textos\">The Museum of Mummies will open its doors officially in 2018. You can\u2019t miss it\u201d!<\/p>\n<\/div><div class=\"fusion-sep-clear\"><\/div><div class=\"fusion-separator fusion-full-width-sep\" style=\"margin-left: auto;margin-right: auto;margin-top:40px;margin-bottom:30px;width:100%;\"><\/div><div class=\"fusion-sep-clear\"><\/div><div class=\"fusion-clearfix\"><\/div><\/div><\/div><div class=\"fusion-layout-column fusion_builder_column fusion-builder-column-4 fusion_builder_column_1_2 1_2 fusion-one-half fusion-column-first fusion-column-inner-bg-wrapper\" style=\"--awb-padding-top:25%;--awb-padding-bottom:25%;--awb-inner-bg-color:rgba(238,96,89,0.6);--awb-inner-bg-color-hover:rgba(238,96,89,0.6);--awb-inner-bg-image:url(&#039;https:\/\/momiasdequinto.es\/wp-content\/uploads\/2018\/02\/prerrestauracion.jpg&#039;);--awb-inner-bg-position:center center;--awb-inner-bg-blend:overlay;--awb-inner-bg-size:cover;--awb-border-color:#353535;--awb-border-top:1px;--awb-border-right:1px;--awb-border-bottom:1px;--awb-border-left:1px;--awb-border-style:solid;width:50%;width:calc(50% - ( ( 4% ) * 0.5 ) );margin-right: 4%;\"><span class=\"fusion-column-inner-bg hover-type-zoomin\"><a class=\"fusion-column-anchor\" href=\"\/edificio\/sin-restaurar\/\"><span class=\"fusion-column-inner-bg-image\"><\/span><\/a><\/span><div class=\"fusion-column-wrapper fusion-flex-column-wrapper-legacy fusion-column-has-bg-image\" data-bg-url=\"https:\/\/momiasdequinto.es\/wp-content\/uploads\/2018\/02\/prerrestauracion.jpg\"><div class=\"fusion-text fusion-text-5\"><p class=\"tituloimagenes\">BEFORE<\/p>\n<p class=\"tituloimagenes\">RESTORE<\/p>\n<\/div><div class=\"fusion-clearfix\"><\/div><\/div><\/div><div class=\"fusion-layout-column fusion_builder_column fusion-builder-column-5 fusion_builder_column_1_2 1_2 fusion-one-half fusion-column-last fusion-column-inner-bg-wrapper\" style=\"--awb-padding-top:25%;--awb-padding-bottom:25%;--awb-inner-bg-color:#ffffff;--awb-inner-bg-color-hover:#ffffff;--awb-inner-bg-image:url(&#039;https:\/\/momiasdequinto.es\/wp-content\/uploads\/2018\/02\/postrrestauracion.jpg&#039;);--awb-inner-bg-position:center center;--awb-inner-bg-size:cover;--awb-border-color:#353535;--awb-border-top:1px;--awb-border-right:1px;--awb-border-bottom:1px;--awb-border-left:1px;--awb-border-style:solid;width:50%;width:calc(50% - ( ( 4% ) * 0.5 ) );\"><span class=\"fusion-column-inner-bg hover-type-zoomin\"><a class=\"fusion-column-anchor\" href=\"\/edificio\/restaurado\/\"><span class=\"fusion-column-inner-bg-image\"><\/span><\/a><\/span><div class=\"fusion-column-wrapper fusion-flex-column-wrapper-legacy fusion-column-has-bg-image\" data-bg-url=\"https:\/\/momiasdequinto.es\/wp-content\/uploads\/2018\/02\/postrrestauracion.jpg\"><div class=\"fusion-text fusion-text-6\"><p class=\"tituloimagenes\">AFTER<\/p>\n<p class=\"tituloimagenes\">RESTORE<\/p>\n<\/div><div class=\"fusion-clearfix\"><\/div><\/div><\/div><\/div><\/div><\/p>","protected":false},"excerpt":{"rendered":"","protected":false},"author":1,"featured_media":0,"parent":0,"menu_order":0,"comment_status":"closed","ping_status":"closed","template":"","meta":{"_acf_changed":false,"_price":"","_stock":"","_tribe_ticket_header":"","_tribe_default_ticket_provider":"","_tribe_ticket_capacity":"","_ticket_start_date":"","_ticket_end_date":"","_tribe_ticket_show_description":"","_tribe_ticket_show_not_going":false,"_tribe_ticket_use_global_stock":"","_tribe_ticket_global_stock_level":"","_global_stock_mode":"","_global_stock_cap":"","_tribe_rsvp_for_event":"","_tribe_ticket_going_count":"","_tribe_ticket_not_going_count":"","_tribe_tickets_list":"[]","_tribe_ticket_has_attendee_info_fields":false,"footnotes":""},"class_list":["post-1745","page","type-page","status-publish","hentry"],"acf":[],"yoast_head":"<!-- This site is optimized with the Yoast SEO plugin v24.5 - https:\/\/yoast.com\/wordpress\/plugins\/seo\/ -->\n<title>BUILDING - Momias de Quinto<\/title>\n<meta name=\"robots\" content=\"index, follow, max-snippet:-1, max-image-preview:large, max-video-preview:-1\" \/>\n<link rel=\"canonical\" href=\"https:\/\/momiasdequinto.es\/edificio\/\" \/>\n<meta property=\"og:locale\" content=\"en_US\" \/>\n<meta property=\"og:type\" content=\"article\" \/>\n<meta property=\"og:title\" content=\"[:es]EL EDIFICIO[:en]BUILDING[:] - Momias de Quinto\" \/>\n<meta property=\"og:url\" content=\"https:\/\/momiasdequinto.es\/edificio\/\" \/>\n<meta property=\"og:site_name\" content=\"Momias de Quinto\" \/>\n<meta property=\"article:publisher\" content=\"https:\/\/www.facebook.com\/museomomiasquinto\/\" \/>\n<meta property=\"article:modified_time\" content=\"2020-04-30T14:43:14+00:00\" \/>\n<meta name=\"twitter:card\" content=\"summary_large_image\" \/>\n<meta name=\"twitter:site\" content=\"@momiasdequinto\" \/>\n<meta name=\"twitter:label1\" content=\"Est. reading time\" \/>\n\t<meta name=\"twitter:data1\" content=\"9 minutes\" \/>\n<script type=\"application\/ld+json\" class=\"yoast-schema-graph\">{\"@context\":\"https:\/\/schema.org\",\"@graph\":[{\"@type\":\"WebPage\",\"@id\":\"https:\/\/momiasdequinto.es\/edificio\/\",\"url\":\"https:\/\/momiasdequinto.es\/edificio\/\",\"name\":\"[:es]EL EDIFICIO[:en]BUILDING[:] - Momias de Quinto\",\"isPartOf\":{\"@id\":\"https:\/\/momiasdequinto.es\/#website\"},\"datePublished\":\"2018-02-16T17:18:03+00:00\",\"dateModified\":\"2020-04-30T14:43:14+00:00\",\"breadcrumb\":{\"@id\":\"https:\/\/momiasdequinto.es\/edificio\/#breadcrumb\"},\"inLanguage\":\"en-US\",\"potentialAction\":[{\"@type\":\"ReadAction\",\"target\":[\"https:\/\/momiasdequinto.es\/edificio\/\"]}]},{\"@type\":\"BreadcrumbList\",\"@id\":\"https:\/\/momiasdequinto.es\/edificio\/#breadcrumb\",\"itemListElement\":[{\"@type\":\"ListItem\",\"position\":1,\"name\":\"Portada\",\"item\":\"https:\/\/momiasdequinto.es\/\"},{\"@type\":\"ListItem\",\"position\":2,\"name\":\"EL EDIFICIO\"}]},{\"@type\":\"WebSite\",\"@id\":\"https:\/\/momiasdequinto.es\/#website\",\"url\":\"https:\/\/momiasdequinto.es\/\",\"name\":\"Momias de Quinto\",\"description\":\"Un museo \u00fanico en Espa\u00f1a\",\"publisher\":{\"@id\":\"https:\/\/momiasdequinto.es\/#organization\"},\"potentialAction\":[{\"@type\":\"SearchAction\",\"target\":{\"@type\":\"EntryPoint\",\"urlTemplate\":\"https:\/\/momiasdequinto.es\/?s={search_term_string}\"},\"query-input\":{\"@type\":\"PropertyValueSpecification\",\"valueRequired\":true,\"valueName\":\"search_term_string\"}}],\"inLanguage\":\"en-US\"},{\"@type\":\"Organization\",\"@id\":\"https:\/\/momiasdequinto.es\/#organization\",\"name\":\"Museo de Momias de Quinto\",\"url\":\"https:\/\/momiasdequinto.es\/\",\"logo\":{\"@type\":\"ImageObject\",\"inLanguage\":\"en-US\",\"@id\":\"https:\/\/momiasdequinto.es\/#\/schema\/logo\/image\/\",\"url\":\"https:\/\/momiasdequinto.es\/wp-content\/uploads\/2018\/03\/piquete.png\",\"contentUrl\":\"https:\/\/momiasdequinto.es\/wp-content\/uploads\/2018\/03\/piquete.png\",\"width\":95,\"height\":87,\"caption\":\"Museo de Momias de Quinto\"},\"image\":{\"@id\":\"https:\/\/momiasdequinto.es\/#\/schema\/logo\/image\/\"},\"sameAs\":[\"https:\/\/www.facebook.com\/museomomiasquinto\/\",\"https:\/\/x.com\/momiasdequinto\",\"https:\/\/www.instagram.com\/momiasdequinto\/\"]}]}<\/script>\n<!-- \/ Yoast SEO plugin. -->","yoast_head_json":{"title":"[:es]EL EDIFICIO[:en]BUILDING[:] - Momias de Quinto","robots":{"index":"index","follow":"follow","max-snippet":"max-snippet:-1","max-image-preview":"max-image-preview:large","max-video-preview":"max-video-preview:-1"},"canonical":"https:\/\/momiasdequinto.es\/edificio\/","og_locale":"en_US","og_type":"article","og_title":"[:es]EL EDIFICIO[:en]BUILDING[:] - Momias de Quinto","og_url":"https:\/\/momiasdequinto.es\/edificio\/","og_site_name":"Momias de Quinto","article_publisher":"https:\/\/www.facebook.com\/museomomiasquinto\/","article_modified_time":"2020-04-30T14:43:14+00:00","twitter_card":"summary_large_image","twitter_site":"@momiasdequinto","twitter_misc":{"Est. reading time":"9 minutes"},"schema":{"@context":"https:\/\/schema.org","@graph":[{"@type":"WebPage","@id":"https:\/\/momiasdequinto.es\/edificio\/","url":"https:\/\/momiasdequinto.es\/edificio\/","name":"[:es]EL EDIFICIO[:en]BUILDING[:] - Momias de Quinto","isPartOf":{"@id":"https:\/\/momiasdequinto.es\/#website"},"datePublished":"2018-02-16T17:18:03+00:00","dateModified":"2020-04-30T14:43:14+00:00","breadcrumb":{"@id":"https:\/\/momiasdequinto.es\/edificio\/#breadcrumb"},"inLanguage":"en-US","potentialAction":[{"@type":"ReadAction","target":["https:\/\/momiasdequinto.es\/edificio\/"]}]},{"@type":"BreadcrumbList","@id":"https:\/\/momiasdequinto.es\/edificio\/#breadcrumb","itemListElement":[{"@type":"ListItem","position":1,"name":"Portada","item":"https:\/\/momiasdequinto.es\/"},{"@type":"ListItem","position":2,"name":"EL EDIFICIO"}]},{"@type":"WebSite","@id":"https:\/\/momiasdequinto.es\/#website","url":"https:\/\/momiasdequinto.es\/","name":"Momias de Quinto","description":"Un museo \u00fanico en Espa\u00f1a","publisher":{"@id":"https:\/\/momiasdequinto.es\/#organization"},"potentialAction":[{"@type":"SearchAction","target":{"@type":"EntryPoint","urlTemplate":"https:\/\/momiasdequinto.es\/?s={search_term_string}"},"query-input":{"@type":"PropertyValueSpecification","valueRequired":true,"valueName":"search_term_string"}}],"inLanguage":"en-US"},{"@type":"Organization","@id":"https:\/\/momiasdequinto.es\/#organization","name":"Museo de Momias de Quinto","url":"https:\/\/momiasdequinto.es\/","logo":{"@type":"ImageObject","inLanguage":"en-US","@id":"https:\/\/momiasdequinto.es\/#\/schema\/logo\/image\/","url":"https:\/\/momiasdequinto.es\/wp-content\/uploads\/2018\/03\/piquete.png","contentUrl":"https:\/\/momiasdequinto.es\/wp-content\/uploads\/2018\/03\/piquete.png","width":95,"height":87,"caption":"Museo de Momias de Quinto"},"image":{"@id":"https:\/\/momiasdequinto.es\/#\/schema\/logo\/image\/"},"sameAs":["https:\/\/www.facebook.com\/museomomiasquinto\/","https:\/\/x.com\/momiasdequinto","https:\/\/www.instagram.com\/momiasdequinto\/"]}]}},"_links":{"self":[{"href":"https:\/\/momiasdequinto.es\/en\/wp-json\/wp\/v2\/pages\/1745","targetHints":{"allow":["GET"]}}],"collection":[{"href":"https:\/\/momiasdequinto.es\/en\/wp-json\/wp\/v2\/pages"}],"about":[{"href":"https:\/\/momiasdequinto.es\/en\/wp-json\/wp\/v2\/types\/page"}],"author":[{"embeddable":true,"href":"https:\/\/momiasdequinto.es\/en\/wp-json\/wp\/v2\/users\/1"}],"replies":[{"embeddable":true,"href":"https:\/\/momiasdequinto.es\/en\/wp-json\/wp\/v2\/comments?post=1745"}],"version-history":[{"count":29,"href":"https:\/\/momiasdequinto.es\/en\/wp-json\/wp\/v2\/pages\/1745\/revisions"}],"predecessor-version":[{"id":7043,"href":"https:\/\/momiasdequinto.es\/en\/wp-json\/wp\/v2\/pages\/1745\/revisions\/7043"}],"wp:attachment":[{"href":"https:\/\/momiasdequinto.es\/en\/wp-json\/wp\/v2\/media?parent=1745"}],"curies":[{"name":"wp","href":"https:\/\/api.w.org\/{rel}","templated":true}]}}