{"id":1494,"date":"2018-02-16T12:12:32","date_gmt":"2018-02-16T11:12:32","guid":{"rendered":"https:\/\/momiasdequinto.es\/?page_id=1494"},"modified":"2018-04-16T13:45:49","modified_gmt":"2018-04-16T11:45:49","slug":"museo","status":"publish","type":"page","link":"https:\/\/momiasdequinto.es\/en\/museo\/","title":{"rendered":"MUSEUM"},"content":{"rendered":"<p>HISTORY&#8221; backgroundcolor=&#8221;&#8221; icon=&#8221;fa-undo&#8221; iconflip=&#8221;&#8221; iconrotate=&#8221;&#8221; iconspin=&#8221;no&#8221; iconcolor=&#8221;&#8221; circlecolor=&#8221;&#8221; circlebordersize=&#8221;&#8221; circlebordercolor=&#8221;&#8221; outercirclebordersize=&#8221;&#8221; outercirclebordercolor=&#8221;&#8221; image=&#8221;&#8221; image_width=&#8221;35&#8243; image_height=&#8221;35&#8243; link=&#8221;https:\/\/momiasdequinto.es\/museo\/historia\/&#8221; linktext=&#8221;&#8221; link_target=&#8221;&#8221; animation_type=&#8221;&#8221; animation_direction=&#8221;left&#8221; animation_speed=&#8221;0.3&#8243; animation_offset=&#8221;&#8221;]Excavation works to install a heating system in the old church of the Ascention of Our Lady stumbled upon 15 mummies and hundreds of unmarked graves. This was an unprecedented find for Spain. A total of 1,061 women, men and children were buried in the church from the fifteen century to 1831.<\/p>\n<\/div><\/div><\/div><div style=\"--awb-backgroundcolor:rgba(255,255,255,0);\" class=\"fusion-column content-box-column content-box-column content-box-column-2 col-lg-4 col-md-4 col-sm-4 fusion-content-box-hover \"><div class=\"col content-box-wrapper content-wrapper link-area-box link-type-text icon-hover-animation-pulsate\" data-link=\"https:\/\/momiasdequinto.es\/museo\/espacios\/\" data-link-target=\"_self\" data-animationOffset=\"top-into-view\"><div class=\"heading heading-with-icon icon-left\"><a class=\"heading-link\" href=\"https:\/\/momiasdequinto.es\/museo\/espacios\/\" target=\"_self\"><div class=\"icon\"><i style=\"border-color:#ee6059;border-width:0px;background-color:rgba(255,255,255,0);box-sizing:content-box;height:100px;width:100px;line-height:100px;border-radius:50%;font-size:50px;\" aria-hidden=\"true\" class=\"fontawesome-icon fa fa-arrows-alt circle-yes\"><\/i><\/div><h2 class=\"content-box-heading fusion-responsive-typography-calculated\" style=\"--h2_typography-font-size:18px;--fontSize:18;line-height:1.28;\">ESPACIOS<\/h2><\/a><\/div><div class=\"fusion-clearfix\"><\/div><div class=\"content-container\">\n<p class=\"icontextos\">El Museo de las Momias de Quinto se sit\u00faa en el interior de la antigua Iglesia del Piquete, permitiendo al visitante un contacto \u00edntimo entre la colecci\u00f3n y el lugar donde han reposado los restos humanos desde el momento en que fueron inhumados.<\/p>\n<\/div><\/div><\/div><div style=\"--awb-backgroundcolor:rgba(255,255,255,0);\" class=\"fusion-column content-box-column content-box-column content-box-column-3 col-lg-4 col-md-4 col-sm-4 fusion-content-box-hover content-box-column-last content-box-column-last-in-row\"><div class=\"col content-box-wrapper content-wrapper link-area-box link-type-text icon-hover-animation-pulsate\" data-link=\"https:\/\/momiasdequinto.es\/museo\/coleccion\/\" data-link-target=\"_self\" data-animationOffset=\"top-into-view\"><div class=\"heading heading-with-icon icon-left\"><a class=\"heading-link\" href=\"https:\/\/momiasdequinto.es\/museo\/coleccion\/\" target=\"_self\"><div class=\"icon\"><i style=\"border-color:#ee6059;border-width:0px;background-color:rgba(255,255,255,0);box-sizing:content-box;height:100px;width:100px;line-height:100px;border-radius:50%;font-size:50px;\" aria-hidden=\"true\" class=\"fontawesome-icon fa fa-archive circle-yes\"><\/i><\/div><h2 class=\"content-box-heading fusion-responsive-typography-calculated\" style=\"--h2_typography-font-size:18px;--fontSize:18;line-height:1.28;\">COLECCI\u00d3N<\/h2><\/a><\/div><div class=\"fusion-clearfix\"><\/div><div class=\"content-container\">\n<p class=\"icontextos\">Nuestro museo ofrece al visitante una experiencia \u00fanica en Espa\u00f1a de mirar frente a frente a un conjunto de cuerpos momificados de forma natural y que datan del siglo XVIII y principios del XIX.<\/p>\n<\/div><\/div><\/div><div class=\"fusion-clearfix\"><\/div><\/div><div class=\"fusion-content-boxes content-boxes columns row fusion-columns-2 fusion-columns-total-2 fusion-content-boxes-2 content-boxes-icon-on-top content-left\" style=\"--awb-body-color:#686161;--awb-title-color:#000000;--awb-hover-accent-color:#ee6059;--awb-circle-hover-accent-color:transparent;\" data-animationOffset=\"top-into-view\"><div style=\"--awb-backgroundcolor:rgba(255,255,255,0);\" class=\"fusion-column content-box-column content-box-column content-box-column-1 col-lg-6 col-md-6 col-sm-6 fusion-content-box-hover content-box-column-first-in-row\"><div class=\"col content-box-wrapper content-wrapper link-area-box link-type-text icon-hover-animation-pulsate\" data-link=\"https:\/\/momiasdequinto.es\/museo\/colaboradores\/\" data-link-target=\"_self\" data-animationOffset=\"top-into-view\"><div class=\"heading heading-with-icon icon-left\"><a class=\"heading-link\" href=\"https:\/\/momiasdequinto.es\/museo\/colaboradores\/\" target=\"_self\"><div class=\"icon\"><i style=\"border-color:#ee6059;border-width:0px;background-color:rgba(255,255,255,0);box-sizing:content-box;height:100px;width:100px;line-height:100px;border-radius:50%;font-size:50px;\" aria-hidden=\"true\" class=\"fontawesome-icon fa fa-undo circle-yes\"><\/i><\/div><h2 class=\"content-box-heading fusion-responsive-typography-calculated\" style=\"--h2_typography-font-size:18px;--fontSize:18;line-height:1.28;\">COLABORADORES<\/h2><\/a><\/div><div class=\"fusion-clearfix\"><\/div><div class=\"content-container\">\n<p class=\"icontextos\">Desde el a\u00f1o 2015 hasta 2018, el proyecto del \u201cMuseo de las Momias de Quinto\u201d ha contado con una serie de personas colaboradoras que han sido clave en la ejecuci\u00f3n del mismo. Todos ellos han puesto su mejor voluntad, su entusiasmo y su profesionalidad al servicio de nuestra idea, de nuestro sue\u00f1o: crear el primer museo de estas caracter\u00edsticas de nuestro pa\u00eds.<\/p>\n<\/div><\/div><\/div><div style=\"--awb-backgroundcolor:rgba(255,255,255,0);\" class=\"fusion-column content-box-column content-box-column content-box-column-2 col-lg-6 col-md-6 col-sm-6 fusion-content-box-hover content-box-column-last content-box-column-last-in-row\"><div class=\"col content-box-wrapper content-wrapper link-area-box link-type-text icon-hover-animation-pulsate\" data-link=\"https:\/\/momiasdequinto.es\/museo\/publicaciones\/\" data-link-target=\"_self\" data-animationOffset=\"top-into-view\"><div class=\"heading heading-with-icon icon-left\"><a class=\"heading-link\" href=\"https:\/\/momiasdequinto.es\/museo\/publicaciones\/\" target=\"_self\"><div class=\"icon\"><i style=\"border-color:#ee6059;border-width:0px;background-color:rgba(255,255,255,0);box-sizing:content-box;height:100px;width:100px;line-height:100px;border-radius:50%;font-size:50px;\" aria-hidden=\"true\" class=\"fontawesome-icon fa fa-arrows-alt circle-yes\"><\/i><\/div><h2 class=\"content-box-heading fusion-responsive-typography-calculated\" style=\"--h2_typography-font-size:18px;--fontSize:18;line-height:1.28;\">ESTUDIOS Y PUBLICACIONES<\/h2><\/a><\/div><div class=\"fusion-clearfix\"><\/div><div class=\"content-container\">\n<p class=\"icontextos\">Nuestro proyecto tiene una importante labor investigadora. Son decenas de trabajos los que se han comenzado y que hemos ido elaborando a partir del an\u00e1lisis de los restos materiales y org\u00e1nicos de los que podemos obtener una valios\u00edsima informaci\u00f3n. Los estudios e informes ser\u00e1n colgados en esta web, de modo que pueda ser usado en beneficio de la sociedad.<\/p>\n<\/div><\/div><\/div><div class=\"fusion-clearfix\"><\/div><\/div><div class=\"fusion-clearfix\"><\/div><\/div><\/div><\/div><\/div>HISTORY&#8221; backgroundcolor=&#8221;&#8221; icon=&#8221;fa-undo&#8221; iconflip=&#8221;&#8221; iconrotate=&#8221;&#8221; iconspin=&#8221;no&#8221; iconcolor=&#8221;&#8221; circlecolor=&#8221;&#8221; circlebordersize=&#8221;&#8221; circlebordercolor=&#8221;&#8221; outercirclebordersize=&#8221;&#8221; outercirclebordercolor=&#8221;&#8221; image=&#8221;&#8221; image_width=&#8221;35&#8243; image_height=&#8221;35&#8243; link=&#8221;https:\/\/momiasdequinto.es\/museo\/historia\/&#8221; linktext=&#8221;&#8221; link_target=&#8221;&#8221; animation_type=&#8221;&#8221; animation_direction=&#8221;left&#8221; animation_speed=&#8221;0.3&#8243; animation_offset=&#8221;&#8221;]<\/p>\n<p class=\"icontextos\">Excavation works to install a heating system in the old church of the Ascention of Our Lady stumbled upon 15 mummies and hundreds of unmarked graves. This was an unprecedented find for Spain. A total of 1,061 women, men and children were buried in the church from the fifteen century to 1831.<\/p>\n<p>[\/fusion_content_box]<div style=\"--awb-backgroundcolor:rgba(255,255,255,0);\" class=\"fusion-column content-box-column content-box-column content-box-column-3 col-lg-6 col-md-6 col-sm-6 fusion-content-box-hover content-box-column-first-in-row\"><div class=\"col content-box-wrapper content-wrapper link-area-box link-type-text icon-hover-animation-pulsate\" data-link=\"https:\/\/momiasdequinto.es\/museo\/espacios\/\" data-link-target=\"_self\" data-animationOffset=\"top-into-view\"><div class=\"heading heading-with-icon icon-left\"><a class=\"heading-link\" href=\"https:\/\/momiasdequinto.es\/museo\/espacios\/\" target=\"_self\"><div class=\"icon\"><i style=\"border-color:#ee6059;border-width:0px;background-color:rgba(255,255,255,0);box-sizing:content-box;height:100px;width:100px;line-height:100px;border-radius:50%;font-size:50px;\" aria-hidden=\"true\" class=\"fontawesome-icon fa fa-arrows-alt circle-yes\"><\/i><\/div><h2 class=\"content-box-heading fusion-responsive-typography-calculated\" style=\"--h2_typography-font-size:18px;--fontSize:18;line-height:1.28;\">ESPACIOS<\/h2><\/a><\/div><div class=\"fusion-clearfix\"><\/div><div class=\"content-container\"><\/p>\n<p class=\"icontextos\">El Museo de las Momias de Quinto se sit\u00faa en el interior de la antigua Iglesia del Piquete, permitiendo al visitante un contacto \u00edntimo entre la colecci\u00f3n y el lugar donde han reposado los restos humanos desde el momento en que fueron inhumados.<\/p>\n<p><\/div><\/div><\/div><div style=\"--awb-backgroundcolor:rgba(255,255,255,0);\" class=\"fusion-column content-box-column content-box-column content-box-column-4 col-lg-6 col-md-6 col-sm-6 fusion-content-box-hover content-box-column-last-in-row\"><div class=\"col content-box-wrapper content-wrapper link-area-box link-type-text icon-hover-animation-pulsate\" data-link=\"https:\/\/momiasdequinto.es\/museo\/coleccion\/\" data-link-target=\"_self\" data-animationOffset=\"top-into-view\"><div class=\"heading heading-with-icon icon-left\"><a class=\"heading-link\" href=\"https:\/\/momiasdequinto.es\/museo\/coleccion\/\" target=\"_self\"><div class=\"icon\"><i style=\"border-color:#ee6059;border-width:0px;background-color:rgba(255,255,255,0);box-sizing:content-box;height:100px;width:100px;line-height:100px;border-radius:50%;font-size:50px;\" aria-hidden=\"true\" class=\"fontawesome-icon fa fa-archive circle-yes\"><\/i><\/div><h2 class=\"content-box-heading fusion-responsive-typography-calculated\" style=\"--h2_typography-font-size:18px;--fontSize:18;line-height:1.28;\">COLECCI\u00d3N<\/h2><\/a><\/div><div class=\"fusion-clearfix\"><\/div><div class=\"content-container\"><\/p>\n<p class=\"icontextos\">Nuestro museo ofrece al visitante una experiencia \u00fanica en Espa\u00f1a de mirar frente a frente a un conjunto de cuerpos momificados de forma natural y que datan del siglo XVIII y principios del XIX.<\/p>\n<p><\/div><\/div><\/div>[\/fusion_content_boxes]<div class=\"fusion-content-boxes content-boxes columns row fusion-columns-2 fusion-columns-total-2 fusion-content-boxes-3 content-boxes-icon-on-top content-left\" style=\"--awb-body-color:#686161;--awb-title-color:#000000;--awb-hover-accent-color:#ee6059;--awb-circle-hover-accent-color:transparent;\" data-animationOffset=\"top-into-view\"><div style=\"--awb-backgroundcolor:rgba(255,255,255,0);\" class=\"fusion-column content-box-column content-box-column content-box-column-1 col-lg-6 col-md-6 col-sm-6 fusion-content-box-hover content-box-column-first-in-row\"><div class=\"col content-box-wrapper content-wrapper link-area-box link-type-text icon-hover-animation-pulsate\" data-link=\"https:\/\/momiasdequinto.es\/museo\/colaboradores\/\" data-link-target=\"_self\" data-animationOffset=\"top-into-view\"><div class=\"heading heading-with-icon icon-left\"><a class=\"heading-link\" href=\"https:\/\/momiasdequinto.es\/museo\/colaboradores\/\" target=\"_self\"><div class=\"icon\"><i style=\"border-color:#ee6059;border-width:0px;background-color:rgba(255,255,255,0);box-sizing:content-box;height:100px;width:100px;line-height:100px;border-radius:50%;font-size:50px;\" aria-hidden=\"true\" class=\"fontawesome-icon fa fa-undo circle-yes\"><\/i><\/div><h2 class=\"content-box-heading fusion-responsive-typography-calculated\" style=\"--h2_typography-font-size:18px;--fontSize:18;line-height:1.28;\">COLABORADORES<\/h2><\/a><\/div><div class=\"fusion-clearfix\"><\/div><div class=\"content-container\"><\/p>\n<p class=\"icontextos\">Desde el a\u00f1o 2015 hasta 2018, el proyecto del \u201cMuseo de las Momias de Quinto\u201d ha contado con una serie de personas colaboradoras que han sido clave en la ejecuci\u00f3n del mismo. Todos ellos han puesto su mejor voluntad, su entusiasmo y su profesionalidad al servicio de nuestra idea, de nuestro sue\u00f1o: crear el primer museo de estas caracter\u00edsticas de nuestro pa\u00eds.<\/p>\n<p><\/div><\/div><\/div><div style=\"--awb-backgroundcolor:rgba(255,255,255,0);\" class=\"fusion-column content-box-column content-box-column content-box-column-2 col-lg-6 col-md-6 col-sm-6 fusion-content-box-hover content-box-column-last content-box-column-last-in-row\"><div class=\"col content-box-wrapper content-wrapper link-area-box link-type-text icon-hover-animation-pulsate\" data-link=\"https:\/\/momiasdequinto.es\/museo\/publicaciones\/\" data-link-target=\"_self\" data-animationOffset=\"top-into-view\"><div class=\"heading heading-with-icon icon-left\"><a class=\"heading-link\" href=\"https:\/\/momiasdequinto.es\/museo\/publicaciones\/\" target=\"_self\"><div class=\"icon\"><i style=\"border-color:#ee6059;border-width:0px;background-color:rgba(255,255,255,0);box-sizing:content-box;height:100px;width:100px;line-height:100px;border-radius:50%;font-size:50px;\" aria-hidden=\"true\" class=\"fontawesome-icon fa fa-arrows-alt circle-yes\"><\/i><\/div><h2 class=\"content-box-heading fusion-responsive-typography-calculated\" style=\"--h2_typography-font-size:18px;--fontSize:18;line-height:1.28;\">ESTUDIOS Y PUBLICACIONES<\/h2><\/a><\/div><div class=\"fusion-clearfix\"><\/div><div class=\"content-container\"><\/p>\n<p class=\"icontextos\">Nuestro proyecto tiene una importante labor investigadora. Son decenas de trabajos los que se han comenzado y que hemos ido elaborando a partir del an\u00e1lisis de los restos materiales y org\u00e1nicos de los que podemos obtener una valios\u00edsima informaci\u00f3n. Los estudios e informes ser\u00e1n colgados en esta web, de modo que pueda ser usado en beneficio de la sociedad.<\/p>\n<p><\/div><\/div><\/div><div class=\"fusion-clearfix\"><\/div><\/div>[\/fusion_builder_column][\/fusion_builder_row][\/fusion_builder_container]<div class=\"fusion-fullwidth fullwidth-box fusion-builder-row-2 nonhundred-percent-fullwidth non-hundred-percent-height-scrolling\" style=\"--awb-border-radius-top-left:0px;--awb-border-radius-top-right:0px;--awb-border-radius-bottom-right:0px;--awb-border-radius-bottom-left:0px;--awb-padding-top:0px;--awb-padding-right:0px;--awb-padding-bottom:0px;--awb-padding-left:0px;--awb-margin-top:0px;--awb-margin-bottom:0px;--awb-background-color:#ffffff;--awb-flex-wrap:wrap;\" ><div class=\"fusion-builder-row fusion-row\"><div class=\"fusion-layout-column fusion_builder_column fusion-builder-column-1 fusion_builder_column_1_1 1_1 fusion-one-full fusion-column-first fusion-column-last\" style=\"--awb-padding-top:0px;--awb-padding-right:0px;--awb-padding-bottom:0px;--awb-padding-left:0px;--awb-bg-color:#fcfcfc;--awb-bg-color-hover:#fcfcfc;--awb-bg-size:cover;--awb-border-color:#ffffff;--awb-border-style:solid;--awb-margin-top:-55px;--awb-margin-bottom:-55px;\"><div class=\"fusion-column-wrapper fusion-flex-column-wrapper-legacy\"><div class=\"fusion-clearfix\"><\/div><\/div><\/div><\/div><\/div><\/p>","protected":false},"excerpt":{"rendered":"<p>HISTORY&#8221; backgroundcolor=&#8221;&#8221; icon=&#8221;fa-undo&#8221; iconflip=&#8221;&#8221; iconrotate=&#8221;&#8221; iconspin=&#8221;no&#8221; iconcolor=&#8221;&#8221; circlecolor=&#8221;&#8221; circlebordersize=&#8221;&#8221; circlebordercolor=&#8221;&#8221; outercirclebordersize=&#8221;&#8221; outercirclebordercolor=&#8221;&#8221; image=&#8221;&#8221; image_width=&#8221;35&#8243; image_height=&#8221;35&#8243; link=&#8221;https:\/\/momiasdequinto.es\/museo\/historia\/&#8221; linktext=&#8221;&#8221; link_target=&#8221;&#8221; animation_type=&#8221;&#8221; animation_direction=&#8221;left&#8221; animation_speed=&#8221;0.3&#8243; animation_offset=&#8221;&#8221;] Excavation works to  [&#8230;]<\/p>\n","protected":false},"author":1,"featured_media":0,"parent":0,"menu_order":0,"comment_status":"closed","ping_status":"closed","template":"","meta":{"_acf_changed":false,"_price":"","_stock":"","_tribe_ticket_header":"","_tribe_default_ticket_provider":"","_tribe_ticket_capacity":"","_ticket_start_date":"","_ticket_end_date":"","_tribe_ticket_show_description":"","_tribe_ticket_show_not_going":false,"_tribe_ticket_use_global_stock":"","_tribe_ticket_global_stock_level":"","_global_stock_mode":"","_global_stock_cap":"","_tribe_rsvp_for_event":"","_tribe_ticket_going_count":"","_tribe_ticket_not_going_count":"","_tribe_tickets_list":"[]","_tribe_ticket_has_attendee_info_fields":false,"footnotes":""},"class_list":["post-1494","page","type-page","status-publish","hentry"],"acf":[],"yoast_head":"<!-- This site is optimized with the Yoast SEO plugin v24.5 - https:\/\/yoast.com\/wordpress\/plugins\/seo\/ -->\n<title>MUSEUM - Momias de Quinto<\/title>\n<meta name=\"robots\" content=\"index, follow, max-snippet:-1, max-image-preview:large, max-video-preview:-1\" \/>\n<link rel=\"canonical\" href=\"https:\/\/momiasdequinto.es\/en\/museo\/\" \/>\n<meta property=\"og:locale\" content=\"en_US\" \/>\n<meta property=\"og:type\" content=\"article\" \/>\n<meta property=\"og:title\" content=\"[:es]EL MUSEO[:en]MUSEUM[:] - Momias de Quinto\" \/>\n<meta property=\"og:description\" content=\"HISTORY&#8221; backgroundcolor=&#8221;&#8221; icon=&#8221;fa-undo&#8221; iconflip=&#8221;&#8221; iconrotate=&#8221;&#8221; iconspin=&#8221;no&#8221; iconcolor=&#8221;&#8221; circlecolor=&#8221;&#8221; circlebordersize=&#8221;&#8221; circlebordercolor=&#8221;&#8221; outercirclebordersize=&#8221;&#8221; outercirclebordercolor=&#8221;&#8221; image=&#8221;&#8221; image_width=&#8221;35&#8243; image_height=&#8221;35&#8243; link=&#8221;https:\/\/momiasdequinto.es\/museo\/historia\/&#8221; linktext=&#8221;&#8221; link_target=&#8221;&#8221; animation_type=&#8221;&#8221; animation_direction=&#8221;left&#8221; animation_speed=&#8221;0.3&#8243; animation_offset=&#8221;&#8221;] Excavation works to [...]\" \/>\n<meta property=\"og:url\" content=\"https:\/\/momiasdequinto.es\/en\/museo\/\" \/>\n<meta property=\"og:site_name\" content=\"Momias de Quinto\" \/>\n<meta property=\"article:publisher\" content=\"https:\/\/www.facebook.com\/museomomiasquinto\/\" \/>\n<meta property=\"article:modified_time\" content=\"2018-04-16T11:45:49+00:00\" \/>\n<meta name=\"twitter:card\" content=\"summary_large_image\" \/>\n<meta name=\"twitter:site\" content=\"@momiasdequinto\" \/>\n<meta name=\"twitter:label1\" content=\"Est. reading time\" \/>\n\t<meta name=\"twitter:data1\" content=\"8 minutes\" \/>\n<script type=\"application\/ld+json\" class=\"yoast-schema-graph\">{\"@context\":\"https:\/\/schema.org\",\"@graph\":[{\"@type\":\"WebPage\",\"@id\":\"https:\/\/momiasdequinto.es\/en\/museo\/\",\"url\":\"https:\/\/momiasdequinto.es\/en\/museo\/\",\"name\":\"[:es]EL MUSEO[:en]MUSEUM[:] - Momias de Quinto\",\"isPartOf\":{\"@id\":\"https:\/\/momiasdequinto.es\/#website\"},\"datePublished\":\"2018-02-16T11:12:32+00:00\",\"dateModified\":\"2018-04-16T11:45:49+00:00\",\"breadcrumb\":{\"@id\":\"https:\/\/momiasdequinto.es\/en\/museo\/#breadcrumb\"},\"inLanguage\":\"en-US\",\"potentialAction\":[{\"@type\":\"ReadAction\",\"target\":[\"https:\/\/momiasdequinto.es\/en\/museo\/\"]}]},{\"@type\":\"BreadcrumbList\",\"@id\":\"https:\/\/momiasdequinto.es\/en\/museo\/#breadcrumb\",\"itemListElement\":[{\"@type\":\"ListItem\",\"position\":1,\"name\":\"Portada\",\"item\":\"https:\/\/momiasdequinto.es\/\"},{\"@type\":\"ListItem\",\"position\":2,\"name\":\"MUSEUM\"}]},{\"@type\":\"WebSite\",\"@id\":\"https:\/\/momiasdequinto.es\/#website\",\"url\":\"https:\/\/momiasdequinto.es\/\",\"name\":\"Momias de Quinto\",\"description\":\"Un museo \u00fanico en Espa\u00f1a\",\"publisher\":{\"@id\":\"https:\/\/momiasdequinto.es\/#organization\"},\"potentialAction\":[{\"@type\":\"SearchAction\",\"target\":{\"@type\":\"EntryPoint\",\"urlTemplate\":\"https:\/\/momiasdequinto.es\/?s={search_term_string}\"},\"query-input\":{\"@type\":\"PropertyValueSpecification\",\"valueRequired\":true,\"valueName\":\"search_term_string\"}}],\"inLanguage\":\"en-US\"},{\"@type\":\"Organization\",\"@id\":\"https:\/\/momiasdequinto.es\/#organization\",\"name\":\"Museo de Momias de Quinto\",\"url\":\"https:\/\/momiasdequinto.es\/\",\"logo\":{\"@type\":\"ImageObject\",\"inLanguage\":\"en-US\",\"@id\":\"https:\/\/momiasdequinto.es\/#\/schema\/logo\/image\/\",\"url\":\"https:\/\/momiasdequinto.es\/wp-content\/uploads\/2018\/03\/piquete.png\",\"contentUrl\":\"https:\/\/momiasdequinto.es\/wp-content\/uploads\/2018\/03\/piquete.png\",\"width\":95,\"height\":87,\"caption\":\"Museo de Momias de Quinto\"},\"image\":{\"@id\":\"https:\/\/momiasdequinto.es\/#\/schema\/logo\/image\/\"},\"sameAs\":[\"https:\/\/www.facebook.com\/museomomiasquinto\/\",\"https:\/\/x.com\/momiasdequinto\",\"https:\/\/www.instagram.com\/momiasdequinto\/\"]}]}<\/script>\n<!-- \/ Yoast SEO plugin. -->","yoast_head_json":{"title":"[:es]EL MUSEO[:en]MUSEUM[:] - Momias de Quinto","robots":{"index":"index","follow":"follow","max-snippet":"max-snippet:-1","max-image-preview":"max-image-preview:large","max-video-preview":"max-video-preview:-1"},"canonical":"https:\/\/momiasdequinto.es\/en\/museo\/","og_locale":"en_US","og_type":"article","og_title":"[:es]EL MUSEO[:en]MUSEUM[:] - Momias de Quinto","og_description":"HISTORY&#8221; backgroundcolor=&#8221;&#8221; icon=&#8221;fa-undo&#8221; iconflip=&#8221;&#8221; iconrotate=&#8221;&#8221; iconspin=&#8221;no&#8221; iconcolor=&#8221;&#8221; circlecolor=&#8221;&#8221; circlebordersize=&#8221;&#8221; circlebordercolor=&#8221;&#8221; outercirclebordersize=&#8221;&#8221; outercirclebordercolor=&#8221;&#8221; image=&#8221;&#8221; image_width=&#8221;35&#8243; image_height=&#8221;35&#8243; link=&#8221;https:\/\/momiasdequinto.es\/museo\/historia\/&#8221; linktext=&#8221;&#8221; link_target=&#8221;&#8221; animation_type=&#8221;&#8221; animation_direction=&#8221;left&#8221; animation_speed=&#8221;0.3&#8243; animation_offset=&#8221;&#8221;] Excavation works to [...]","og_url":"https:\/\/momiasdequinto.es\/en\/museo\/","og_site_name":"Momias de Quinto","article_publisher":"https:\/\/www.facebook.com\/museomomiasquinto\/","article_modified_time":"2018-04-16T11:45:49+00:00","twitter_card":"summary_large_image","twitter_site":"@momiasdequinto","twitter_misc":{"Est. reading time":"8 minutes"},"schema":{"@context":"https:\/\/schema.org","@graph":[{"@type":"WebPage","@id":"https:\/\/momiasdequinto.es\/en\/museo\/","url":"https:\/\/momiasdequinto.es\/en\/museo\/","name":"[:es]EL MUSEO[:en]MUSEUM[:] - Momias de Quinto","isPartOf":{"@id":"https:\/\/momiasdequinto.es\/#website"},"datePublished":"2018-02-16T11:12:32+00:00","dateModified":"2018-04-16T11:45:49+00:00","breadcrumb":{"@id":"https:\/\/momiasdequinto.es\/en\/museo\/#breadcrumb"},"inLanguage":"en-US","potentialAction":[{"@type":"ReadAction","target":["https:\/\/momiasdequinto.es\/en\/museo\/"]}]},{"@type":"BreadcrumbList","@id":"https:\/\/momiasdequinto.es\/en\/museo\/#breadcrumb","itemListElement":[{"@type":"ListItem","position":1,"name":"Portada","item":"https:\/\/momiasdequinto.es\/"},{"@type":"ListItem","position":2,"name":"MUSEUM"}]},{"@type":"WebSite","@id":"https:\/\/momiasdequinto.es\/#website","url":"https:\/\/momiasdequinto.es\/","name":"Momias de Quinto","description":"Un museo \u00fanico en Espa\u00f1a","publisher":{"@id":"https:\/\/momiasdequinto.es\/#organization"},"potentialAction":[{"@type":"SearchAction","target":{"@type":"EntryPoint","urlTemplate":"https:\/\/momiasdequinto.es\/?s={search_term_string}"},"query-input":{"@type":"PropertyValueSpecification","valueRequired":true,"valueName":"search_term_string"}}],"inLanguage":"en-US"},{"@type":"Organization","@id":"https:\/\/momiasdequinto.es\/#organization","name":"Museo de Momias de Quinto","url":"https:\/\/momiasdequinto.es\/","logo":{"@type":"ImageObject","inLanguage":"en-US","@id":"https:\/\/momiasdequinto.es\/#\/schema\/logo\/image\/","url":"https:\/\/momiasdequinto.es\/wp-content\/uploads\/2018\/03\/piquete.png","contentUrl":"https:\/\/momiasdequinto.es\/wp-content\/uploads\/2018\/03\/piquete.png","width":95,"height":87,"caption":"Museo de Momias de Quinto"},"image":{"@id":"https:\/\/momiasdequinto.es\/#\/schema\/logo\/image\/"},"sameAs":["https:\/\/www.facebook.com\/museomomiasquinto\/","https:\/\/x.com\/momiasdequinto","https:\/\/www.instagram.com\/momiasdequinto\/"]}]}},"_links":{"self":[{"href":"https:\/\/momiasdequinto.es\/en\/wp-json\/wp\/v2\/pages\/1494","targetHints":{"allow":["GET"]}}],"collection":[{"href":"https:\/\/momiasdequinto.es\/en\/wp-json\/wp\/v2\/pages"}],"about":[{"href":"https:\/\/momiasdequinto.es\/en\/wp-json\/wp\/v2\/types\/page"}],"author":[{"embeddable":true,"href":"https:\/\/momiasdequinto.es\/en\/wp-json\/wp\/v2\/users\/1"}],"replies":[{"embeddable":true,"href":"https:\/\/momiasdequinto.es\/en\/wp-json\/wp\/v2\/comments?post=1494"}],"version-history":[{"count":57,"href":"https:\/\/momiasdequinto.es\/en\/wp-json\/wp\/v2\/pages\/1494\/revisions"}],"predecessor-version":[{"id":2969,"href":"https:\/\/momiasdequinto.es\/en\/wp-json\/wp\/v2\/pages\/1494\/revisions\/2969"}],"wp:attachment":[{"href":"https:\/\/momiasdequinto.es\/en\/wp-json\/wp\/v2\/media?parent=1494"}],"curies":[{"name":"wp","href":"https:\/\/api.w.org\/{rel}","templated":true}]}}